{"id":1067,"date":"2018-04-18T19:15:24","date_gmt":"2018-04-18T17:15:24","guid":{"rendered":"http:\/\/www.schmiedeinnung-chemnitz.de\/?page_id=1067"},"modified":"2023-06-11T17:35:57","modified_gmt":"2023-06-11T15:35:57","slug":"kooperationspartner","status":"publish","type":"page","link":"https:\/\/www.schmiedeinnung-chemnitz.de\/?page_id=1067","title":{"rendered":"Kooperationspartner"},"content":{"rendered":"<div class=\"spwrapper\">\n<div class=\"spitem\">\n<div class=\"spimage\"><a href=\"https:\/\/www.einhaeuplplus.de\/\" target=\"_blank\" rel=\"noopener noreferrer\"><img decoding=\"async\" loading=\"lazy\" class=\"aligncenter size-full wp-image-1118\" src=\"http:\/\/www.schmiedeinnung-chemnitz.de\/wp-content\/uploads\/2018\/05\/Einh\u00e4upl.png\" alt=\"\" width=\"200\" height=\"113\" \/><\/a><\/div>\n<div class=\"sptext\"><center><b>Einh\u00e4upl<\/b><\/center><\/p>\n<p>Ihr Spezialist f\u00fcr Korrosionsschutz und Autokrane<\/p><\/div>\n<\/div>\n<div class=\"spitem\">\n<div class=\"spimage\"><a href=\"https:\/\/eisplus.de\/eisPlus-Trockeneisreinigung.html\" target=\"_blank\" rel=\"noopener noreferrer\"><img decoding=\"async\" loading=\"lazy\" class=\"aligncenter size-full wp-image-1127\" src=\"http:\/\/www.schmiedeinnung-chemnitz.de\/wp-content\/uploads\/2018\/05\/eisPlus.jpg\" alt=\"\" width=\"200\" height=\"113\" \/><\/a><\/div>\n<div class=\"sptext\"><center><b>eisPlus<\/b><\/center><\/p>\n<p>eisPlus Ihr Ansprechpartner f\u00fcr mobile und station\u00e4re Strahl- und Lackierarbeiten.<\/p><\/div>\n<\/div>\n<div class=\"spitem\">\n<div class=\"spimage\"><a href=\"http:\/\/www.epa-schweisstechnik.de\/\" target=\"_blank\" rel=\"noopener noreferrer\"><img decoding=\"async\" loading=\"lazy\" class=\"aligncenter size-full wp-image-1083\" src=\"http:\/\/www.schmiedeinnung-chemnitz.de\/wp-content\/uploads\/2018\/04\/Logo.jpg\" alt=\"\" width=\"774\" height=\"471\" \/><\/a><\/div>\n<div class=\"sptext\"><center><b>EPA<\/b><br \/>\n<i>Schwei\u00dftechnik GmbH<\/i><\/center><br \/>\nKompetenzpartner bei der Erf\u00fcllung Ihrer schwei\u00dftechnischen Anforderungen.<\/div>\n<\/div>\n<div class=\"spitem\">\n<div class=\"spimage\"><a href=\"https:\/\/www.ewm-group.com\/de\" target=\"_blank\" rel=\"noopener noreferrer\"><img decoding=\"async\" loading=\"lazy\" class=\"aligncenter size-full wp-image-1083\" src=\"http:\/\/www.schmiedeinnung-chemnitz.de\/wp-content\/uploads\/2021\/12\/Ewm.jpg\" alt=\"\" width=\"774\" height=\"471\" \/><\/a><\/div>\n<div class=\"sptext\"><center><b>EWM<\/b><br \/>\n<\/center><br \/>\nEWM entwickelt innovative Lichtbogen-Schwei\u00dftechnik made in Germany und bietet Ihnen alles rund um die Schwei\u00dftechnik.<\/div>\n<\/div>\n<\/div>\n<p><!--- Ende spwrapper --><\/p>\n<div class=\"spwrapper\">\n<div class=\"spitem\"><a href=\"http:\/\/www.zufahrtssysteme.com\/\" target=\"_blank\" rel=\"noopener noreferrer\"><img decoding=\"async\" loading=\"lazy\" class=\"aligncenter size-full wp-image-1179\" style=\"width: 80%; float: left; margin-left: 10%;\" src=\"http:\/\/www.schmiedeinnung-chemnitz.de\/wp-content\/uploads\/2018\/06\/Imageanzeige_FAAC_web1.jpg\" alt=\"\" width=\"325\" height=\"679\" srcset=\"https:\/\/www.schmiedeinnung-chemnitz.de\/wp-content\/uploads\/2018\/06\/Imageanzeige_FAAC_web1.jpg 325w, https:\/\/www.schmiedeinnung-chemnitz.de\/wp-content\/uploads\/2018\/06\/Imageanzeige_FAAC_web1-144x300.jpg 144w\" sizes=\"(max-width: 325px) 100vw, 325px\" \/><\/a>\n<\/div>\n<div class=\"spitem\">\n<div class=\"spimage\"><a href=\"https:\/\/feldmann-gmbh.com\/\" target=\"_blank\" rel=\"noopener noreferrer\"><img decoding=\"async\" loading=\"lazy\" class=\"aligncenter size-full wp-image-1167\" src=\"http:\/\/www.schmiedeinnung-chemnitz.de\/wp-content\/uploads\/2018\/06\/Feldmann.jpg\" alt=\"\" width=\"200\" height=\"113\" \/><\/a><\/div>\n<div class=\"sptext\"><center><b>Feldmann GmbH<\/b><br \/>\nZuverl\u00e4ssiger Lieferant f\u00fcr Fertig- &amp; Halbfertigteile aus Edelstahl, Schmiedeeisen &amp; Aluminium.<\/center><\/div>\n<\/div>\n<div class=\"spitem\">\n<div class=\"spimage\"><a href=\"https:\/\/fa-os.eu\/\" target=\"_blank\" rel=\"noopener noreferrer\"><img decoding=\"async\" loading=\"lazy\" class=\"aligncenter size-full wp-image-1167\" src=\"http:\/\/www.schmiedeinnung-chemnitz.de\/wp-content\/uploads\/2019\/11\/Logo_neu.jpg\" alt=\"\" width=\"200\" height=\"113\" \/><\/a><\/div>\n<div class=\"sptext\"><center><b>Friedrich August III. Oberschule<\/b><br \/>\nDie Oberschule f\u00fcr zuk\u00fcnftige Handwerker.<\/center><\/div>\n<\/div>\n<div class=\"spitem\">\n<div class=\"spimage\"><a href=\"https:\/\/shop.iug24.de\/\" target=\"_blank\" rel=\"noopener noreferrer\"><img decoding=\"async\" loading=\"lazy\" class=\"aligncenter size-full wp-image-1218\" src=\"http:\/\/www.schmiedeinnung-chemnitz.de\/wp-content\/uploads\/2019\/03\/iuG_Fachgrosshandel.jpg\" alt=\"\" width=\"200\" height=\"113\" \/><\/a><\/div>\n<div class=\"sptext\"><center><b>iuG Fachgro\u00dfhandel<\/b><br \/>\nIhr Partner f\u00fcr:<br \/>\nBaubeschl\u00e4ge, Sicherheitstechnik, T\u00fcren &amp; Tore, Videotechnik, Werkzeuge, Werkstattausstattungen, Zutrittskontrollsysteme<\/center><\/div>\n<\/div>\n<\/div>\n<p><!--- Ende spwrapper --><\/p>\n<div class=\"spwrapper\">\n<div class=\"spitem\">\n<div class=\"spimage\">\n<a href=\"https:\/\/www.handwerker-radio.de\/startseite.html\" target=\"_blank\" rel=\"noopener noreferrer\"><img decoding=\"async\" loading=\"lazy\" src=\"http:\/\/www.schmiedeinnung-chemnitz.de\/wp-content\/uploads\/2020\/11\/Handwerker_Radio.jpg\" alt=\"\" width=\"200\" height=\"113\" class=\"aligncenter size-full wp-image-1334\" \/><\/a>\n<\/div>\n<div class=\"sptext\"><center><b>Handwerker Radio<\/b><\/center><\/div>\n<\/div>\n<div class=\"spitem\">\n<div class=\"spimage\"><a href=\"https:\/\/www.pft-riesa.de\/\" target=\"_blank\" rel=\"noopener noreferrer\"><img decoding=\"async\" loading=\"lazy\" class=\"aligncenter size-full wp-image-1169\" src=\"http:\/\/www.schmiedeinnung-chemnitz.de\/wp-content\/uploads\/2018\/06\/Handelshof_Riesa.jpg\" alt=\"\" width=\"200\" height=\"113\" \/><\/a><\/div>\n<div class=\"sptext\"><center><b>Handelshof Riesa<\/b><\/center><\/p>\n<p>Vollsortimenter mit den Fachgro\u00dfhandlungen Stahl + Werkstoffe, Heizung und Sanit\u00e4r, Bau- und Werkzeugtechnik, Elektrotechnik<\/p><\/div>\n<\/div>\n<div class=\"spitem\">\n<div class=\"spimage\"><a href=\"https:\/\/shop.kloeckner.de\/\" target=\"_blank\" rel=\"noopener noreferrer\"><img decoding=\"async\" loading=\"lazy\" class=\"aligncenter size-full wp-image-1126\" src=\"http:\/\/www.schmiedeinnung-chemnitz.de\/wp-content\/uploads\/2018\/05\/Kl\u00f6cknerundCo.jpg\" alt=\"\" width=\"200\" height=\"113\" \/><\/a><\/div>\n<div class=\"sptext\"><center><b>Kloeckner Metals Germany GmbH<\/b><\/center><\/p>\n<p>Wir sind Stahl-Kompetenz aus einer Hand \u2013 Beratung, Beschaffung, Lagerhaltung, Anarbeitung, Fertigung und Distribution. Nexigen\u00ae: Die n\u00e4chste Generation gr\u00fcner Stahl- und Metalll\u00f6sungen.<\/p><\/div>\n<\/div>\n<div class=\"spitem\">\n<div class=\"spimage\"><a href=\"http:\/\/www.lottermetall.de\/geschaeftskunden\/walzstahl\/\" target=\"_blank\" rel=\"noopener noreferrer\"><img decoding=\"async\" loading=\"lazy\" class=\"aligncenter size-full wp-image-1097\" src=\"http:\/\/www.schmiedeinnung-chemnitz.de\/wp-content\/uploads\/2018\/04\/lotter-metall-e1525451509980.png\" alt=\"\" width=\"200\" height=\"113\" \/><\/a><\/div>\n<div class=\"sptext\"><center><b>Lotter Metall<\/b><\/center><\/p>\n<p>Partner f\u00fcr alle Bedarfe des technischen Gro\u00dfhandels in Mitteldeutschland.<\/p><\/div>\n<\/div>\n<\/div>\n<p><!--- Ende spwrapper --><\/p>\n<div class=\"spwrapper\">\n<div class=\"spitem\">\n<div class=\"spimage\"><a href=\"http:\/\/polartherm.de\" target=\"_blank\" rel=\"noopener noreferrer\"><img decoding=\"async\" loading=\"lazy\" class=\"aligncenter size-full wp-image-1221\" src=\"http:\/\/www.schmiedeinnung-chemnitz.de\/wp-content\/uploads\/2019\/03\/polartherm.jpg\" alt=\"\" width=\"200\" height=\"113\" \/><\/a><\/div>\n<div class=\"sptext\"><center><b>Polartherm Flachglas GmbH Gro\u00dfenhain<\/b><\/center><\/p>\n<p>Partner f\u00fcr eine Vielzahl von Anwendungen mit Glas.<\/p><\/div>\n<\/div>\n<div class=\"spitem\">\n<div class=\"spimage\"><a href=\"http:\/\/www.rm-stahl.de\/\" target=\"_blank\" rel=\"noopener noreferrer\"><img decoding=\"async\" loading=\"lazy\" class=\"aligncenter size-full wp-image-1092\" src=\"http:\/\/www.schmiedeinnung-chemnitz.de\/wp-content\/uploads\/2018\/04\/Logo_StahlhandelGmbh.png\" alt=\"\" width=\"1295\" height=\"287\" \/><\/a><\/div>\n<div class=\"sptext\"><center><b>RM<\/b><br \/>\n<i>Stahlhandel GmbH<\/i><\/p>\n<p><\/center>Ihr Vollsortimenter f\u00fcr Stahl-, Edelstahl- &#038; Aluminiumprodukte<\/div>\n<\/div>\n<div class=\"spitem\">\n<div class=\"spimage\"><a href=\"https:\/\/www.tenado.de\" target=\"_blank\" rel=\"noopener noreferrer\"><img decoding=\"async\" loading=\"lazy\" class=\"aligncenter size-full wp-image-1306\" src=\"http:\/\/www.schmiedeinnung-chemnitz.de\/wp-content\/uploads\/2021\/07\/TENADO_GmbH.jpg\" alt=\"\" width=\"200\" height=\"113\" \/><\/a><\/div>\n<div class=\"sptext\"><center><b>TENADO GmbH<\/b><br \/>\n<i><\/i><br \/>\nQualit\u00e4t und Geschwindigkeit: Die CAD-Software f\u00fcr das<br \/>\nMetallhandwerk.<br \/>\n<\/center><\/div>\n<\/div>\n<div class=\"spitem\">\n<div class=\"spimage\"><a href=\"https:\/\/www.in-software.com\/\" target=\"_blank\" rel=\"noopener noreferrer\"><img decoding=\"async\" loading=\"lazy\" class=\"aligncenter size-full wp-image-1306\" src=\"http:\/\/www.schmiedeinnung-chemnitz.de\/wp-content\/uploads\/2020\/01\/InSoftware_neu.jpg\" alt=\"\" width=\"200\" height=\"113\" \/><\/a><\/div>\n<div class=\"sptext\"><center><b>IN-Software GmbH<\/b><br \/>\n<i><\/i><\/p>\n<p><\/center>Software f\u00fcr Handwerk, Industrie und Fertigung.<\/div>\n<\/div>\n<\/div>\n<p><!--- Ende spwrapper --><\/p>\n<div class=\"spwrapper\">\n<div class=\"spitem\">\n<div class=\"spimage\"><a href=\"https:\/\/www.wiegel.de\/standorte\/deutschland\/gruena\/\" target=\"_blank\" rel=\"noopener noreferrer\"><img decoding=\"async\" loading=\"lazy\" class=\"aligncenter size-full wp-image-1077\" src=\"http:\/\/www.schmiedeinnung-chemnitz.de\/wp-content\/uploads\/2018\/04\/wgf-logo-web162pix-rgb.png\" alt=\"\" width=\"163\" height=\"174\" \/><\/a><\/div>\n<div class=\"sptext\"><center><b>WIEGEL<\/b><\/p>\n<p>Der Feuerverzinker &#8211; bei uns ist Stahl in guten H\u00e4nden!<\/center><\/div>\n<\/div>\n<div class=\"spitem\">\n<div class=\"sptext\" style=\"font-size: 1.75em; line-height: 2em; padding-left: 5px !important; width: 100% !important;\"><center><b><i>Sie haben Interesse Kooperationspartner zu werden?<br \/>\n<a href=\"mailto:info@schmiedeinnung-chemnitz.de\" target=\"_blank\" rel=\"noopener noreferrer\">hier klicken<\/a><\/i><br \/>\n<\/b><\/center><\/div>\n<\/div>\n<\/div>\n","protected":false},"excerpt":{"rendered":"<p>Einh\u00e4upl Ihr Spezialist f\u00fcr Korrosionsschutz und Autokrane eisPlus eisPlus Ihr Ansprechpartner f\u00fcr mobile und station\u00e4re Strahl- und Lackierarbeiten. EPA Schwei\u00dftechnik GmbH Kompetenzpartner bei der Erf\u00fcllung Ihrer schwei\u00dftechnischen Anforderungen. EWM EWM <a class=\"more-link\" href=\"https:\/\/www.schmiedeinnung-chemnitz.de\/?page_id=1067\">Mehr lesen? Hier klicken! \u2192<\/a><\/p>\n","protected":false},"author":7,"featured_media":0,"parent":0,"menu_order":0,"comment_status":"closed","ping_status":"closed","template":"","meta":{"footnotes":""},"_links":{"self":[{"href":"https:\/\/www.schmiedeinnung-chemnitz.de\/index.php?rest_route=\/wp\/v2\/pages\/1067"}],"collection":[{"href":"https:\/\/www.schmiedeinnung-chemnitz.de\/index.php?rest_route=\/wp\/v2\/pages"}],"about":[{"href":"https:\/\/www.schmiedeinnung-chemnitz.de\/index.php?rest_route=\/wp\/v2\/types\/page"}],"author":[{"embeddable":true,"href":"https:\/\/www.schmiedeinnung-chemnitz.de\/index.php?rest_route=\/wp\/v2\/users\/7"}],"replies":[{"embeddable":true,"href":"https:\/\/www.schmiedeinnung-chemnitz.de\/index.php?rest_route=%2Fwp%2Fv2%2Fcomments&post=1067"}],"version-history":[{"count":87,"href":"https:\/\/www.schmiedeinnung-chemnitz.de\/index.php?rest_route=\/wp\/v2\/pages\/1067\/revisions"}],"predecessor-version":[{"id":1507,"href":"https:\/\/www.schmiedeinnung-chemnitz.de\/index.php?rest_route=\/wp\/v2\/pages\/1067\/revisions\/1507"}],"wp:attachment":[{"href":"https:\/\/www.schmiedeinnung-chemnitz.de\/index.php?rest_route=%2Fwp%2Fv2%2Fmedia&parent=1067"}],"curies":[{"name":"wp","href":"https:\/\/api.w.org\/{rel}","templated":true}]}}