{"id":11,"date":"2013-01-06T17:37:37","date_gmt":"2013-01-06T15:37:37","guid":{"rendered":"http:\/\/www.schmiedeinnung-chemnitz.de\/?page_id=11"},"modified":"2015-04-23T12:43:38","modified_gmt":"2015-04-23T10:43:38","slug":"die-innung","status":"publish","type":"page","link":"https:\/\/www.schmiedeinnung-chemnitz.de\/","title":{"rendered":"\u00dcber uns"},"content":{"rendered":"<p>Die Innung stellt die Verbindung zwischen Lehrling, Betrieb, Berufsschule und Handwerkskammer dar. Die Innungsmitglieder sind auch im Gesellenpr\u00fcfungsausschuss und in der Meisterpr\u00fcfungskommission aktiv.<\/p>\n<p><strong>Kompetente Unterst\u00fctzung<\/strong><\/p>\n<p>Die Innung ist f\u00fcr Ihre Mitgliedsbetriebe kompetenter Ansprechpartner im Verbund mit der Kreishandwerkerschaft in rechtlichen oder betriebswirtschaftlichen Belangen. F\u00fcr ihre Mitglieder  bietet die Schmiedeinnung Chemnitz ein aktives Innungsleben mit vielen Vorteilen: Von der <strong>Fach-Beratung bis hin zur \u00d6ffentlichkeitsarbeit.<\/strong> <\/p>\n<p><center><a href=\"http:\/\/www.schmiedeinnung-chemnitz.de\/wp-content\/uploads\/2013\/01\/IMG_2034_skaliert.jpg\"><img decoding=\"async\" loading=\"lazy\" src=\"http:\/\/www.schmiedeinnung-chemnitz.de\/wp-content\/uploads\/2013\/01\/IMG_2034_skaliert.jpg\" alt=\"IMG_2034_skaliert\" width=\"800\" height=\"1200\" class=\"alignnone size-full wp-image-761\" srcset=\"https:\/\/www.schmiedeinnung-chemnitz.de\/wp-content\/uploads\/2013\/01\/IMG_2034_skaliert.jpg 800w, https:\/\/www.schmiedeinnung-chemnitz.de\/wp-content\/uploads\/2013\/01\/IMG_2034_skaliert-200x300.jpg 200w, https:\/\/www.schmiedeinnung-chemnitz.de\/wp-content\/uploads\/2013\/01\/IMG_2034_skaliert-683x1024.jpg 683w\" sizes=\"(max-width: 800px) 100vw, 800px\" \/><\/a><\/center><\/p>\n<p><strong>Bestens verkn\u00fcpft<\/strong><\/p>\n<p>Die Schmiedeinnung Chemnitz ist <strong>Mitglied im Fachverband Metall Sachsen<\/strong>. Er unterst\u00fctzt die Innung in gesetzlichen und administrativen Angelegenheiten. Den Betrieben hilft er au\u00dferdem noch bei der technischen Ausstattung und bei betriebswirtschaftlichen Abl\u00e4ufen, erstellt Gutachten und schlie\u00dft Tarifvertr\u00e4ge ab. Der Fachverband f\u00f6rdert Betriebe, die sich zu Arbeitsgemeinschaften und Genossenschaften zusammenschlie\u00dfen, um Auftr\u00e4ge gemeinsam zu meistern.<\/p>\n","protected":false},"excerpt":{"rendered":"<p>Die Innung stellt die Verbindung zwischen Lehrling, Betrieb, Berufsschule und Handwerkskammer dar. Die Innungsmitglieder sind auch im Gesellenpr\u00fcfungsausschuss und in der Meisterpr\u00fcfungskommission aktiv. Kompetente Unterst\u00fctzung Die Innung ist f\u00fcr Ihre <a class=\"more-link\" href=\"https:\/\/www.schmiedeinnung-chemnitz.de\/\">Mehr lesen? Hier klicken! \u2192<\/a><\/p>\n","protected":false},"author":1,"featured_media":0,"parent":0,"menu_order":2,"comment_status":"closed","ping_status":"open","template":"","meta":{"footnotes":""},"_links":{"self":[{"href":"https:\/\/www.schmiedeinnung-chemnitz.de\/index.php?rest_route=\/wp\/v2\/pages\/11"}],"collection":[{"href":"https:\/\/www.schmiedeinnung-chemnitz.de\/index.php?rest_route=\/wp\/v2\/pages"}],"about":[{"href":"https:\/\/www.schmiedeinnung-chemnitz.de\/index.php?rest_route=\/wp\/v2\/types\/page"}],"author":[{"embeddable":true,"href":"https:\/\/www.schmiedeinnung-chemnitz.de\/index.php?rest_route=\/wp\/v2\/users\/1"}],"replies":[{"embeddable":true,"href":"https:\/\/www.schmiedeinnung-chemnitz.de\/index.php?rest_route=%2Fwp%2Fv2%2Fcomments&post=11"}],"version-history":[{"count":18,"href":"https:\/\/www.schmiedeinnung-chemnitz.de\/index.php?rest_route=\/wp\/v2\/pages\/11\/revisions"}],"predecessor-version":[{"id":781,"href":"https:\/\/www.schmiedeinnung-chemnitz.de\/index.php?rest_route=\/wp\/v2\/pages\/11\/revisions\/781"}],"wp:attachment":[{"href":"https:\/\/www.schmiedeinnung-chemnitz.de\/index.php?rest_route=%2Fwp%2Fv2%2Fmedia&parent=11"}],"curies":[{"name":"wp","href":"https:\/\/api.w.org\/{rel}","templated":true}]}}