{"id":17,"date":"2013-01-06T17:40:40","date_gmt":"2013-01-06T15:40:40","guid":{"rendered":"http:\/\/www.schmiedeinnung-chemnitz.de\/?page_id=17"},"modified":"2021-01-28T22:26:47","modified_gmt":"2021-01-28T20:26:47","slug":"der-vorstand","status":"publish","type":"page","link":"https:\/\/www.schmiedeinnung-chemnitz.de\/?page_id=17","title":{"rendered":"Der Vorstand"},"content":{"rendered":"<p>Der Vorstand der Schmiedeinnung kommt mehrmals im Jahr zusammen. Bei besonders wichtigen Ereignissen ruft der Innungsobermeister die Vorstandsmitglieder auch kurzfristig zu au\u00dferordentlichen Sitzungen zusammen.<\/p>\n<p>Hier pr\u00e4sentiert sich der Vorstand und erkl\u00e4rt, was an seiner ehrenamtlichen Arbeit wichtig ist.<\/p>\n<table border=\"0\" frame=\"void\" id=\"vorstand_table\">\n<tbody>\n<tr>\n<td style=\"vertical-align: middle; border-color: #000000; border-style: none; border-width: 0px; width: 35%\"><a href=\"http:\/\/www.schmiedeinnung-chemnitz.de\/?attachment_id=208\" rel=\"attachment wp-att-208\"><img decoding=\"async\" loading=\"lazy\" alt=\"Vorstand Pohlers\" src=\"http:\/\/www.schmiedeinnung-chemnitz.de\/wp-content\/uploads\/2013\/01\/Vorstand-Pohlers-e1357765304697.jpg\" width=\"160\" height=\"224\" \/><\/a><\/td>\n<td style=\"vertical-align: middle; border-color: #000000; border-style: none; border-width: 0px;\" valign=\"top\"><strong>Andreas Pohlers, Innungsobermeister<\/strong><br \/>\nWittgensdorfer Stra\u00dfe 77<br \/>\n09114 Chemnitz<br \/>\nTel: 0371 370005<br \/>\nFax: 0371 370008<br \/>\n<em>\u201eIch m\u00f6chte einerseits alte Traditionen weiterf\u00fchren und andererseits mit den Innungsbetrieben gemeinsame Aufgaben l\u00f6sen, um ein echtes Miteinander zu erreichen.\u201c<\/em><\/td>\n<\/tr>\n<tr>\n<td style=\"vertical-align: middle; border-color: #000000; border-style: none; border-width: 0px;\"><a href=\"http:\/\/www.schmiedeinnung-chemnitz.de\/?attachment_id=220\" rel=\"attachment wp-att-220\"><img decoding=\"async\" loading=\"lazy\" alt=\"Vorstand Schulze\" src=\"http:\/\/www.schmiedeinnung-chemnitz.de\/wp-content\/uploads\/2013\/01\/Vorstand-Schulze-e1357766090160.jpg\" width=\"159\" height=\"223\" \/><\/a><\/td>\n<td style=\"vertical-align: middle; border-color: #000000; border-style: none; border-width: 0px;\"><strong>Frank Schulze<\/strong><br \/>\nGoetheweg 92<br \/>\n09247 Chemnitz \/ R\u00f6hrsdorf<br \/>\nTel: 03 722 &#8211; 50 24 50<br \/>\nFax: 03 722 &#8211; 50 24 52<br \/>\n<em>\u201eIch arbeite in der Innung mit, um den Zusammengeh\u00f6rigkeitssinn im Handwerk zu erhalten.\u201c<\/em><\/td>\n<\/tr>\n<tr>\n<td style=\"vertical-align: middle; border-color: #000000; border-style: none; border-width: 0px;\">\n<a href=\"http:\/\/www.schmiedeinnung-chemnitz.de\/wp-content\/uploads\/2021\/01\/Daniel_Pruefer_Vorstand.jpg\"><img decoding=\"async\" loading=\"lazy\" src=\"http:\/\/www.schmiedeinnung-chemnitz.de\/wp-content\/uploads\/2021\/01\/Daniel_Pruefer_Vorstand.jpg\" alt=\"\" width=\"184\" height=\"210\" class=\"alignnone size-full wp-image-1350\" \/><\/a>\n<\/td>\n<td style=\"vertical-align: middle; border-color: #000000; border-style: none; border-width: 0px;\"><strong>Daniel Pr\u00fcfer<\/strong><br \/>\nAm Feldrain 1<br \/>\n09221 Neukirchen<br \/>\nTel: 0371 \/ 775180-0<br \/>\nMail: info@metallbau-pruefer.de<br \/>\n<em>\u201eEine moderne Innung bereichert durch Information und Kommunikation. Durch aktive Beteiligung w\u00e4chst auch Gemeinschaft.\u201c<\/em><\/td>\n<\/tr>\n<tr>\n<td style=\"vertical-align: middle; border-color: #000000; border-style: none; border-width: 0px;\"><a href=\"http:\/\/www.schmiedeinnung-chemnitz.de\/?attachment_id=513\" rel=\"attachment wp-att-513\"><img decoding=\"async\" loading=\"lazy\" class=\"alignnone size-full wp-image-513\" alt=\"150516_Vorstandsbild_Koch\" src=\"http:\/\/www.schmiedeinnung-chemnitz.de\/wp-content\/uploads\/2015\/04\/150516_Vorstandsbild_Koch.jpg\" width=\"160\" height=\"224\" \/><\/a><\/td>\n<td style=\"vertical-align: middle; border-color: #000000; border-style: none; border-width: 0px;\"><strong>Thomas Koch<\/strong><br \/>\nMarienberg 3<br \/>\n09217 Burgst\u00e4dt<br \/>\nTel: 03724 \/ 14 848<br \/>\nMail: kontakt@ihr-schmied.de<br \/>\n<em>\u201eDurch meine T\u00e4tigkeit als Restaurator und Dozent in der Meisterausbildung liegt es mir am Herzen, dass unser ehrbares historisches Handwerk eine Symbiose mit der Moderne eingeht, und somit mehr Beachtung und Anerkennung erh\u00e4lt. Im Erhalt dieses Traditions- und Geschichtsbewusstseins in unserer von Industrie gepr\u00e4gten Zeit sehe ich meine Aufgabe im Vorstand.\u201c<\/em><\/td>\n<\/tr>\n<tr>\n<td style=\"vertical-align: middle; border-color: #000000; border-style: none; border-width: 0px;\">\n<a href=\"http:\/\/www.schmiedeinnung-chemnitz.de\/wp-content\/uploads\/2021\/01\/Rossberg_Vorstand.jpg\"><img decoding=\"async\" loading=\"lazy\" src=\"http:\/\/www.schmiedeinnung-chemnitz.de\/wp-content\/uploads\/2021\/01\/Rossberg_Vorstand.jpg\" alt=\"\" width=\"141\" height=\"210\" class=\"alignnone size-full wp-image-1357\" \/><\/a><\/td>\n<td style=\"vertical-align: middle; border-color: #000000; border-style: none; border-width: 0px;\"><strong>Udo Ro\u00dfberg<\/strong><br \/>\nZwickauer Stra\u00dfe 486<br \/>\n09117 Chemnitz<br \/>\nTel: 0371 7751683<br \/>\nFax: 0371 7751684<br \/>\n<em>\u201eDurch meine Mitarbeit im Vorstand m\u00f6chte ich die Innung st\u00e4rken.\u201c<\/em><\/td>\n<\/tr>\n<tr>\n<td style=\"vertical-align: middle; border-color: #000000; border-style: none; border-width: 0px;\"><a href=\"http:\/\/www.schmiedeinnung-chemnitz.de\/?attachment_id=522\" rel=\"attachment wp-att-522\"><img decoding=\"async\" loading=\"lazy\" src=\"http:\/\/www.schmiedeinnung-chemnitz.de\/wp-content\/uploads\/2015\/04\/150416_Braun_Vorstand.jpg\" alt=\"150416_Braun_Vorstand\" width=\"160\" height=\"202\" class=\"alignnone size-full wp-image-522\" \/><\/a><\/td>\n<td style=\"vertical-align: middle; border-color: #000000; border-style: none; border-width: 0px;\" scope=\"col\"><strong>Karl-Heinz Braun<\/strong><br \/>\nIndustriestra\u00dfe 4<br \/>\n09236 Clau\u00dfnitz \/ Diethensdorf<br \/>\nTel: 037202 &#8211; 23 20<br \/>\nFax: 037202 &#8211; 23 20<br \/>\n<em>\u201eAls Mitglied im Vorstand m\u00f6chte ich mich daf\u00fcr einsetzen, dass der Mittelstand eine starke Wirtschaftskraft bleibt.&#8221;<\/em><\/td>\n<\/tr>\n<tr>\n<td style=\"vertical-align: middle; border-color: #000000; border-style: none; border-width: 0px;\"><a href=\"http:\/\/www.schmiedeinnung-chemnitz.de\/?attachment_id=350\" rel=\"attachment wp-att-350\"><img decoding=\"async\" loading=\"lazy\" class=\"alignnone size-full wp-image-350\" alt=\"vorstand_wirth_scaled\" src=\"http:\/\/www.schmiedeinnung-chemnitz.de\/wp-content\/uploads\/2013\/02\/vorstand_wirth_scaled.jpg\" width=\"168\" height=\"210\" \/><\/a><\/td>\n<td style=\"vertical-align: middle; border-color: #000000; border-style: none; border-width: 0px;\" scope=\"col\"><strong>Martin H. Wirth<\/strong><br \/>\nZ\u00f6llnerplatz 26<br \/>\n09111 Chemnitz<br \/>\nTel: 0371 4009890<br \/>\nFax: 0371 414583<br \/>\n<em>\u201eIch m\u00f6chte meine langj\u00e4hrige Erfahrung im Projektgesch\u00e4ft zur Errichtung von Metallbaufassaden sowie die als \u00f6ffentlich bestellter und vereidigter Sachverst\u00e4ndiger erworbenen Kenntnisse aktiv in die Innungsarbeit einbringen.&#8221;<\/em><\/td>\n<\/tr>\n<tr>\n<td style=\"border-color: #000000; border-style: none; border-width: 0px;\"><strong><a href=\"http:\/\/www.schmiedeinnung-chemnitz.de\/wp-content\/uploads\/2021\/01\/Lydia_Schopach_Vorstand.jpg\"><img decoding=\"async\" loading=\"lazy\" src=\"http:\/\/www.schmiedeinnung-chemnitz.de\/wp-content\/uploads\/2021\/01\/Lydia_Schopach_Vorstand.jpg\" alt=\"\" width=\"139\" height=\"210\" class=\"alignnone size-full wp-image-350\" \/><\/a><\/strong><\/td>\n<td style=\"vertical-align: middle; border-color: #000000; border-style: none; border-width: 0px;\" scope=\"col\" align=\"left\"><strong>Lydia Schopbach<\/strong><br \/>\nAnnaberger Str. 268<br \/>\n09125 Chemnitz<br \/>\nTel: 0371 514238<br \/>\nMail: info@schlosserei-schopbach.de<br \/>\n<em>&#8220;Die Leidenschaft zu Metall wurde mir quasi genetisch in die Wiege gelegt. Nach nun schon 14-j\u00e4hriger Mitgliedschaft in der Schmiede-Innung Chemnitz, macht es mich besonders stolz, als Frau in diesem Handwerk, in den Vorstand gew\u00e4hlt worden und mit t\u00e4tig sein zu d\u00fcrfen. Ich werde mich mit all meiner Kraft einbringen um das Innungsleben zu erhalten.\u201c<\/em><\/td>\n<\/tr>\n<tr>\n<td style=\"border-color: #000000; border-style: none; border-width: 0px; vertical-align: middle;\"><strong><a href=\"http:\/\/www.schmiedeinnung-chemnitz.de\/?attachment_id=348\" rel=\"attachment wp-att-348\"><img decoding=\"async\" loading=\"lazy\" class=\"alignnone size-full wp-image-348\" alt=\"vorstand_flemming_scaled\" src=\"http:\/\/www.schmiedeinnung-chemnitz.de\/wp-content\/uploads\/2013\/02\/vorstand_flemming_scaled.jpg\" width=\"168\" height=\"210\" \/><\/a><\/strong><\/td>\n<td style=\"vertical-align: middle; border-color: #000000; border-style: none; border-width: 0px;\" scope=\"col\" align=\"left\"><strong>Lutz Flemming<\/strong><br \/>\nAue 17<br \/>\n09337 Hohenstein-Ernstthal<br \/>\nTel: 03723 &#8211; 43 25 3<br \/>\nFax: 03723 &#8211; 47 06 3<br \/>\n<em>\u201eAuch wenn ich kein Schmied bin, hoffe ich mit meinem Gewerk die Angebotspalette der Innung sinnvoll zu erg\u00e4nzen. Das Innungsleben m\u00f6chte ich aktiv mitgestalten, sowie mit meiner beruflichen Erfahrung meine Kollegen unterst\u00fctzen.\u201c<\/em><\/td>\n<\/tr>\n<\/tbody>\n<\/table>\n<p><\/p>\n","protected":false},"excerpt":{"rendered":"<p>Der Vorstand der Schmiedeinnung kommt mehrmals im Jahr zusammen. Bei besonders wichtigen Ereignissen ruft der Innungsobermeister die Vorstandsmitglieder auch kurzfristig zu au\u00dferordentlichen Sitzungen zusammen. Hier pr\u00e4sentiert sich der Vorstand und <a class=\"more-link\" href=\"https:\/\/www.schmiedeinnung-chemnitz.de\/?page_id=17\">Mehr lesen? Hier klicken! \u2192<\/a><\/p>\n","protected":false},"author":1,"featured_media":0,"parent":11,"menu_order":3,"comment_status":"closed","ping_status":"open","template":"","meta":{"footnotes":""},"_links":{"self":[{"href":"https:\/\/www.schmiedeinnung-chemnitz.de\/index.php?rest_route=\/wp\/v2\/pages\/17"}],"collection":[{"href":"https:\/\/www.schmiedeinnung-chemnitz.de\/index.php?rest_route=\/wp\/v2\/pages"}],"about":[{"href":"https:\/\/www.schmiedeinnung-chemnitz.de\/index.php?rest_route=\/wp\/v2\/types\/page"}],"author":[{"embeddable":true,"href":"https:\/\/www.schmiedeinnung-chemnitz.de\/index.php?rest_route=\/wp\/v2\/users\/1"}],"replies":[{"embeddable":true,"href":"https:\/\/www.schmiedeinnung-chemnitz.de\/index.php?rest_route=%2Fwp%2Fv2%2Fcomments&post=17"}],"version-history":[{"count":98,"href":"https:\/\/www.schmiedeinnung-chemnitz.de\/index.php?rest_route=\/wp\/v2\/pages\/17\/revisions"}],"predecessor-version":[{"id":1358,"href":"https:\/\/www.schmiedeinnung-chemnitz.de\/index.php?rest_route=\/wp\/v2\/pages\/17\/revisions\/1358"}],"up":[{"embeddable":true,"href":"https:\/\/www.schmiedeinnung-chemnitz.de\/index.php?rest_route=\/wp\/v2\/pages\/11"}],"wp:attachment":[{"href":"https:\/\/www.schmiedeinnung-chemnitz.de\/index.php?rest_route=%2Fwp%2Fv2%2Fmedia&parent=17"}],"curies":[{"name":"wp","href":"https:\/\/api.w.org\/{rel}","templated":true}]}}