{"id":502,"date":"2015-04-15T21:14:38","date_gmt":"2015-04-15T19:14:38","guid":{"rendered":"http:\/\/www.schmiedeinnung-chemnitz.de\/?page_id=502"},"modified":"2019-02-03T00:03:00","modified_gmt":"2019-02-02T22:03:00","slug":"chronik","status":"publish","type":"page","link":"https:\/\/www.schmiedeinnung-chemnitz.de\/?page_id=502","title":{"rendered":"Geschichte der Innung"},"content":{"rendered":"<ol>Es ist durch historische Erfahrungen davon auszugehen, dass die Entstehung der Stadt Chemnitz unter Mithilfe der Schmiede stattfand.<\/ol>\n<ol>1411 l\u00e4sst sich zum ersten Mal das Vorhandensein einer Schmiedeinnung in der Stadt Chemnitz belegen. Diese fanden Erw\u00e4hnung in der Wach- und Zirkelordnung zum Fest des Hl. Jacobus vom 25. Juli 1411.<\/ol>\n<ol>Nachweis des wachsenden Einflusses der Schmiedeinnung in das gesellschaftliche Leben durch Aufzeichnung von Spenden in alten Kirchenb\u00fcchern wie z.B. eine Glockenspende f\u00fcr die in der Vorstadt befindlichen Kirche St. Johannis um 1475<\/ol>\n<ol>1492 Erlass einer Feuerordnung in Chemnitz nach schweren Stadtbr\u00e4nden unter besonderer Erw\u00e4hnung der Schmiede. Als Folge mussten die Essen \u00fcber das Dach hinaus gef\u00fchrt werden. Weiterhin mussten um die Esse zus\u00e4tzliche Ziegel gedeckt sein, und es durften nicht mehr als vier Fuder Kohlen in der Schmiede lagern<\/ol>\n<p><center><a href=\"http:\/\/www.schmiedeinnung-chemnitz.de\/wp-content\/uploads\/2015\/04\/Zirkelschmidt-1568.png\"><img decoding=\"async\" loading=\"lazy\" class=\"alignnone size-full wp-image-740\" src=\"http:\/\/www.schmiedeinnung-chemnitz.de\/wp-content\/uploads\/2015\/04\/Zirkelschmidt-1568.png\" alt=\"Zirkelschmidt-1568\" width=\"466\" height=\"605\" srcset=\"https:\/\/www.schmiedeinnung-chemnitz.de\/wp-content\/uploads\/2015\/04\/Zirkelschmidt-1568.png 466w, https:\/\/www.schmiedeinnung-chemnitz.de\/wp-content\/uploads\/2015\/04\/Zirkelschmidt-1568-231x300.png 231w\" sizes=\"(max-width: 466px) 100vw, 466px\" \/><\/a><\/center><\/p>\n<ol>1539 l\u00f6sten sich die Schlosser aus der Schmiedeinnung und bildeten sp\u00e4ter mit den Sensen-, Huf-,Messer-,S\u00e4ge-,und Kupferschmieden den Wagnern, Riemern und G\u00fcrtlern im 17.Jh eine gemeinsame Innung<\/ol>\n<p><a href=\"http:\/\/www.schmiedeinnung-chemnitz.de\/wp-content\/uploads\/2019\/02\/Deutscher-Schmiedetag-Bremen.jpg\"><img decoding=\"async\" loading=\"lazy\" class=\"aligncenter size-full wp-image-1210\" src=\"http:\/\/www.schmiedeinnung-chemnitz.de\/wp-content\/uploads\/2019\/02\/Deutscher-Schmiedetag-Bremen.jpg\" alt=\"\" width=\"845\" height=\"511\" srcset=\"https:\/\/www.schmiedeinnung-chemnitz.de\/wp-content\/uploads\/2019\/02\/Deutscher-Schmiedetag-Bremen.jpg 845w, https:\/\/www.schmiedeinnung-chemnitz.de\/wp-content\/uploads\/2019\/02\/Deutscher-Schmiedetag-Bremen-300x181.jpg 300w, https:\/\/www.schmiedeinnung-chemnitz.de\/wp-content\/uploads\/2019\/02\/Deutscher-Schmiedetag-Bremen-768x464.jpg 768w\" sizes=\"(max-width: 845px) 100vw, 845px\" \/><\/a><a href=\"http:\/\/www.schmiedeinnung-chemnitz.de\/wp-content\/uploads\/2019\/02\/Lehrbrief.jpg\"><img decoding=\"async\" loading=\"lazy\" class=\"aligncenter size-full wp-image-1212\" src=\"http:\/\/www.schmiedeinnung-chemnitz.de\/wp-content\/uploads\/2019\/02\/Lehrbrief.jpg\" alt=\"\" width=\"1357\" height=\"1842\" srcset=\"https:\/\/www.schmiedeinnung-chemnitz.de\/wp-content\/uploads\/2019\/02\/Lehrbrief.jpg 1357w, https:\/\/www.schmiedeinnung-chemnitz.de\/wp-content\/uploads\/2019\/02\/Lehrbrief-221x300.jpg 221w, https:\/\/www.schmiedeinnung-chemnitz.de\/wp-content\/uploads\/2019\/02\/Lehrbrief-768x1042.jpg 768w, https:\/\/www.schmiedeinnung-chemnitz.de\/wp-content\/uploads\/2019\/02\/Lehrbrief-754x1024.jpg 754w\" sizes=\"(max-width: 1357px) 100vw, 1357px\" \/><\/a><\/p>\n<ol>Nach 1945 wurde die Chemnitzer Schmiedeinnung, wie alle Handwerksinnungen in der Stadt und in der sowj. Besatzungszone, in Berufsgruppen umgewandelt, ohne jedoch ihren Charakter als Innungshandwerk zu verlieren.<\/ol>\n<p><center><br \/>\n<a href=\"http:\/\/www.schmiedeinnung-chemnitz.de\/wp-content\/uploads\/2015\/04\/Schmiedeinnung_005_retuschiert.jpg\"><img decoding=\"async\" loading=\"lazy\" class=\"alignnone size-full wp-image-748\" src=\"http:\/\/www.schmiedeinnung-chemnitz.de\/wp-content\/uploads\/2015\/04\/Schmiedeinnung_005_retuschiert.jpg\" alt=\"Schmiedeinnung_005_retuschiert\" width=\"2458\" height=\"1796\" srcset=\"https:\/\/www.schmiedeinnung-chemnitz.de\/wp-content\/uploads\/2015\/04\/Schmiedeinnung_005_retuschiert.jpg 2458w, https:\/\/www.schmiedeinnung-chemnitz.de\/wp-content\/uploads\/2015\/04\/Schmiedeinnung_005_retuschiert-300x219.jpg 300w, https:\/\/www.schmiedeinnung-chemnitz.de\/wp-content\/uploads\/2015\/04\/Schmiedeinnung_005_retuschiert-1024x748.jpg 1024w\" sizes=\"(max-width: 2458px) 100vw, 2458px\" \/><\/a><\/center><\/p>\n<ol>1949 kam es zum Zusammenschluss der Chemnitzer Schmiede mit der Berufsgruppe der Schmiede aus dem Landkreis Chemnitz<\/ol>\n<ol>1953 Umbenennung in die Berufsgruppe der Schmiede Karl-Marx-Stadt<\/ol>\n<p><center><a href=\"http:\/\/www.schmiedeinnung-chemnitz.de\/wp-content\/uploads\/2015\/04\/Schmiede_PGH.jpg\"><img decoding=\"async\" loading=\"lazy\" class=\"alignnone size-full wp-image-737\" src=\"http:\/\/www.schmiedeinnung-chemnitz.de\/wp-content\/uploads\/2015\/04\/Schmiede_PGH.jpg\" alt=\"Schmiede_PGH\" width=\"1545\" height=\"796\" srcset=\"https:\/\/www.schmiedeinnung-chemnitz.de\/wp-content\/uploads\/2015\/04\/Schmiede_PGH.jpg 1545w, https:\/\/www.schmiedeinnung-chemnitz.de\/wp-content\/uploads\/2015\/04\/Schmiede_PGH-300x155.jpg 300w, https:\/\/www.schmiedeinnung-chemnitz.de\/wp-content\/uploads\/2015\/04\/Schmiede_PGH-1024x528.jpg 1024w\" sizes=\"(max-width: 1545px) 100vw, 1545px\" \/><\/a><\/center><\/p>\n<ol>1990 erfolgte die Neugr\u00fcndung mit den historisch gewachsenen Namen- Schmiedeinnung Chemnitz<\/ol>\n<ol>2011 \u00f6ffentliches Schmiedefest um das Chemnitzer Rathaus zum 600 j\u00e4hrigen Bestehen der Schmiedeinnung Chemnitz. Unser langj\u00e4hriger Obermeister der Schmiedeinnung Bernhard Pr\u00fcfer mit der Oberb\u00fcrgermeisterin der Stadt Chemnitz Babara Ludwig bei der Eintragung in das goldene Buch der Stadt Chemnitz<\/ol>\n<p><center><a href=\"http:\/\/www.schmiedeinnung-chemnitz.de\/wp-content\/uploads\/2018\/06\/IMG_20110903_3400-800x533.jpg\"><img decoding=\"async\" loading=\"lazy\" class=\"aligncenter size-full wp-image-1156\" src=\"http:\/\/www.schmiedeinnung-chemnitz.de\/wp-content\/uploads\/2018\/06\/IMG_20110903_3400-800x533.jpg\" alt=\"\" width=\"800\" height=\"533\" srcset=\"https:\/\/www.schmiedeinnung-chemnitz.de\/wp-content\/uploads\/2018\/06\/IMG_20110903_3400-800x533.jpg 800w, https:\/\/www.schmiedeinnung-chemnitz.de\/wp-content\/uploads\/2018\/06\/IMG_20110903_3400-800x533-300x200.jpg 300w, https:\/\/www.schmiedeinnung-chemnitz.de\/wp-content\/uploads\/2018\/06\/IMG_20110903_3400-800x533-768x512.jpg 768w\" sizes=\"(max-width: 800px) 100vw, 800px\" \/><\/a><\/center><\/p>\n","protected":false},"excerpt":{"rendered":"<p>Es ist durch historische Erfahrungen davon auszugehen, dass die Entstehung der Stadt Chemnitz unter Mithilfe der Schmiede stattfand. 1411 l\u00e4sst sich zum ersten Mal das Vorhandensein einer Schmiedeinnung in der <a class=\"more-link\" href=\"https:\/\/www.schmiedeinnung-chemnitz.de\/?page_id=502\">Mehr lesen? Hier klicken! \u2192<\/a><\/p>\n","protected":false},"author":1,"featured_media":728,"parent":11,"menu_order":0,"comment_status":"closed","ping_status":"closed","template":"","meta":{"footnotes":""},"_links":{"self":[{"href":"https:\/\/www.schmiedeinnung-chemnitz.de\/index.php?rest_route=\/wp\/v2\/pages\/502"}],"collection":[{"href":"https:\/\/www.schmiedeinnung-chemnitz.de\/index.php?rest_route=\/wp\/v2\/pages"}],"about":[{"href":"https:\/\/www.schmiedeinnung-chemnitz.de\/index.php?rest_route=\/wp\/v2\/types\/page"}],"author":[{"embeddable":true,"href":"https:\/\/www.schmiedeinnung-chemnitz.de\/index.php?rest_route=\/wp\/v2\/users\/1"}],"replies":[{"embeddable":true,"href":"https:\/\/www.schmiedeinnung-chemnitz.de\/index.php?rest_route=%2Fwp%2Fv2%2Fcomments&post=502"}],"version-history":[{"count":10,"href":"https:\/\/www.schmiedeinnung-chemnitz.de\/index.php?rest_route=\/wp\/v2\/pages\/502\/revisions"}],"predecessor-version":[{"id":1213,"href":"https:\/\/www.schmiedeinnung-chemnitz.de\/index.php?rest_route=\/wp\/v2\/pages\/502\/revisions\/1213"}],"up":[{"embeddable":true,"href":"https:\/\/www.schmiedeinnung-chemnitz.de\/index.php?rest_route=\/wp\/v2\/pages\/11"}],"wp:featuredmedia":[{"embeddable":true,"href":"https:\/\/www.schmiedeinnung-chemnitz.de\/index.php?rest_route=\/wp\/v2\/media\/728"}],"wp:attachment":[{"href":"https:\/\/www.schmiedeinnung-chemnitz.de\/index.php?rest_route=%2Fwp%2Fv2%2Fmedia&parent=502"}],"curies":[{"name":"wp","href":"https:\/\/api.w.org\/{rel}","templated":true}]}}