{"id":508,"date":"2015-04-16T14:52:03","date_gmt":"2015-04-16T12:52:03","guid":{"rendered":"http:\/\/www.schmiedeinnung-chemnitz.de\/?page_id=508"},"modified":"2015-04-18T23:44:33","modified_gmt":"2015-04-18T21:44:33","slug":"geschichte-des-schmiedehandwerks","status":"publish","type":"page","link":"https:\/\/www.schmiedeinnung-chemnitz.de\/?page_id=508","title":{"rendered":"Geschichte des Schmiedehandwerks"},"content":{"rendered":"<ol>\nDas Schmiedehandwerk z\u00e4hlt zu den \u00e4ltesten Handwerken der Menschheit<\/ol>\n<ol>\ndurch die F\u00e4higkeit zum Erschaffen von Gegenst\u00e4nden mit Hilfe des Feuers hatten Schmiede in der Gesellschaft seit jeher eine Sonderstellung<\/ol>\n<p><center><br \/>\n<a href=\"http:\/\/www.schmiedeinnung-chemnitz.de\/wp-content\/uploads\/2015\/04\/Hufschmied_historisch.jpg\"><img decoding=\"async\" loading=\"lazy\" src=\"http:\/\/www.schmiedeinnung-chemnitz.de\/wp-content\/uploads\/2015\/04\/Hufschmied_historisch.jpg\" alt=\"Hufschmied_historisch\" width=\"2083\" height=\"848\" class=\"alignnone size-full wp-image-729\" srcset=\"https:\/\/www.schmiedeinnung-chemnitz.de\/wp-content\/uploads\/2015\/04\/Hufschmied_historisch.jpg 2083w, https:\/\/www.schmiedeinnung-chemnitz.de\/wp-content\/uploads\/2015\/04\/Hufschmied_historisch-300x122.jpg 300w, https:\/\/www.schmiedeinnung-chemnitz.de\/wp-content\/uploads\/2015\/04\/Hufschmied_historisch-1024x417.jpg 1024w\" sizes=\"(max-width: 2083px) 100vw, 2083px\" \/><\/a><\/center><\/p>\n<ol>\ndaher wurde diesen Handwerkern in der griechisch\/r\u00f6mischen Antike mit Hephaistos sowie Vulkanus eigene Gottheiten zugeordnet. In der germanischen Mythologie fand dies durch Siegfried den Drachent\u00f6ter seine Beachtung<\/ol>\n<ol>\nbezugnehmend auf fr\u00fcheste Funde aus Indien und \u00c4gypten ist die Schmiedekunst vor \u00fcber 5000 Jahren entstanden<\/ol>\n<ol>\nzuerst wurde Meteoriteneisen geschmiedet. Nach der Bronzezeit mit Beginn der Eisenzeit vor ca. 3800 Jahren wurde in Kleinasien durch das Volk der Hethiter erstmals Eisen in Renn\u00f6fen verh\u00fcttet.<\/ol>\n<p><center><br \/>\n<a href=\"http:\/\/www.schmiedeinnung-chemnitz.de\/wp-content\/uploads\/2015\/04\/Schmiede_022.jpg\"><img decoding=\"async\" loading=\"lazy\" src=\"http:\/\/www.schmiedeinnung-chemnitz.de\/wp-content\/uploads\/2015\/04\/Schmiede_022.jpg\" alt=\"Schmiede_022\" width=\"1500\" height=\"1024\" class=\"alignnone size-full wp-image-731\" srcset=\"https:\/\/www.schmiedeinnung-chemnitz.de\/wp-content\/uploads\/2015\/04\/Schmiede_022.jpg 1500w, https:\/\/www.schmiedeinnung-chemnitz.de\/wp-content\/uploads\/2015\/04\/Schmiede_022-300x205.jpg 300w, https:\/\/www.schmiedeinnung-chemnitz.de\/wp-content\/uploads\/2015\/04\/Schmiede_022-1024x699.jpg 1024w\" sizes=\"(max-width: 1500px) 100vw, 1500px\" \/><\/a><\/center><\/p>\n<ol>\ndurch die Vielf\u00e4ltigkeit der Aufgaben und durch den zunehmenden Handel  zwischen den St\u00e4dten und Regionen spezialisierten sich  im Mittelalter die Schmiede zunehmend.<\/ol>\n<ol>\nSo entstanden Spezialhandwerker wie z.B.  Zeugschmiede, Nagelschmiede, Waffenschmiede, Kleinschmiede.<\/ol>\n<ol>\nAb dem 14. Jahrhundert bildeten die Kleinschmiede ihre eigene Zunft. Ihre Produkte waren T\u00fcr-, Vorh\u00e4nge-, Truhen- und Kassettenschl\u00f6sser, Schl\u00fcssel sowie Beschl\u00e4ge, T\u00fcrb\u00e4nder, T\u00fcrgriffe und T\u00fcrklopfer, so dass sich die Berufsbezeichnung des \u201eKleinschmied\u201c in \u201eSchlosser\u201c wandelte.<\/ol>\n<ol>\nDurch den steigenden Wohlstand kam es zu einer Bl\u00fcte von Handwerk und Handel. Es bildeten sich die ersten Standesvertretungen, die Z\u00fcnfte (ab dem 12. Jahrhundert)<\/ol>\n<ol>\nDer durch die Spezialisierung  hervorgegangene Schmied erledigte dann in vielen F\u00e4llen nur noch wenige Handgriffe. Die dadurch entstandene Routine erlaubte zwar eine gleichbleibende Qualit\u00e4t, ging aber auf Kosten der handwerklichen Vielfalt.<\/ol>\n<p><center><br \/>\n<a href=\"http:\/\/www.schmiedeinnung-chemnitz.de\/wp-content\/uploads\/2015\/04\/Beckschlager-1568.png\"><img decoding=\"async\" loading=\"lazy\" src=\"http:\/\/www.schmiedeinnung-chemnitz.de\/wp-content\/uploads\/2015\/04\/Beckschlager-1568.png\" alt=\"Beckschlager-1568\" width=\"445\" height=\"602\" class=\"alignnone size-full wp-image-733\" srcset=\"https:\/\/www.schmiedeinnung-chemnitz.de\/wp-content\/uploads\/2015\/04\/Beckschlager-1568.png 445w, https:\/\/www.schmiedeinnung-chemnitz.de\/wp-content\/uploads\/2015\/04\/Beckschlager-1568-222x300.png 222w\" sizes=\"(max-width: 445px) 100vw, 445px\" \/><\/a><\/center><\/p>\n<ol>\nMit darauffolgender Gr\u00fcndung von Manufakturen und sp\u00e4tere Industriebetrieben verfeinerte sich die Spezialisierung immer weiter.<\/ol>\n<ol>\nDaher erkl\u00e4rt sich auch, dass die Wurzeln vieler Industriebetriebe und Konzerne im Schmiedehandwerk liegen.<\/ol>\n<ol>\nneben der Industriellen Entwicklung in der Geschichte des Schmiedehandwerkes blieb ein Teil der Schmiede (dank unsensibler B\u00fcrokraten seit 1989 Metallbauer genannt) Ihrem Handwerk treu und findet bis heute in vielen Aufgabenfeldern der Gesellschaft seine unverzichtbare Berechtigung.<\/ol>\n","protected":false},"excerpt":{"rendered":"<p>Das Schmiedehandwerk z\u00e4hlt zu den \u00e4ltesten Handwerken der Menschheit durch die F\u00e4higkeit zum Erschaffen von Gegenst\u00e4nden mit Hilfe des Feuers hatten Schmiede in der Gesellschaft seit jeher eine Sonderstellung daher <a class=\"more-link\" href=\"https:\/\/www.schmiedeinnung-chemnitz.de\/?page_id=508\">Mehr lesen? Hier klicken! \u2192<\/a><\/p>\n","protected":false},"author":1,"featured_media":725,"parent":11,"menu_order":0,"comment_status":"closed","ping_status":"closed","template":"","meta":{"footnotes":""},"_links":{"self":[{"href":"https:\/\/www.schmiedeinnung-chemnitz.de\/index.php?rest_route=\/wp\/v2\/pages\/508"}],"collection":[{"href":"https:\/\/www.schmiedeinnung-chemnitz.de\/index.php?rest_route=\/wp\/v2\/pages"}],"about":[{"href":"https:\/\/www.schmiedeinnung-chemnitz.de\/index.php?rest_route=\/wp\/v2\/types\/page"}],"author":[{"embeddable":true,"href":"https:\/\/www.schmiedeinnung-chemnitz.de\/index.php?rest_route=\/wp\/v2\/users\/1"}],"replies":[{"embeddable":true,"href":"https:\/\/www.schmiedeinnung-chemnitz.de\/index.php?rest_route=%2Fwp%2Fv2%2Fcomments&post=508"}],"version-history":[{"count":8,"href":"https:\/\/www.schmiedeinnung-chemnitz.de\/index.php?rest_route=\/wp\/v2\/pages\/508\/revisions"}],"predecessor-version":[{"id":735,"href":"https:\/\/www.schmiedeinnung-chemnitz.de\/index.php?rest_route=\/wp\/v2\/pages\/508\/revisions\/735"}],"up":[{"embeddable":true,"href":"https:\/\/www.schmiedeinnung-chemnitz.de\/index.php?rest_route=\/wp\/v2\/pages\/11"}],"wp:featuredmedia":[{"embeddable":true,"href":"https:\/\/www.schmiedeinnung-chemnitz.de\/index.php?rest_route=\/wp\/v2\/media\/725"}],"wp:attachment":[{"href":"https:\/\/www.schmiedeinnung-chemnitz.de\/index.php?rest_route=%2Fwp%2Fv2%2Fmedia&parent=508"}],"curies":[{"name":"wp","href":"https:\/\/api.w.org\/{rel}","templated":true}]}}