{"id":120,"date":"2012-12-18T15:23:32","date_gmt":"2012-12-18T13:23:32","guid":{"rendered":"https:\/\/www.schmiedeinnung-chemnitz.de\/metaller-werden\/?page_id=120"},"modified":"2013-03-03T03:10:15","modified_gmt":"2013-03-03T01:10:15","slug":"der-herr-der-maschinen-kenne-deine-werkzeuge","status":"publish","type":"page","link":"https:\/\/www.schmiedeinnung-chemnitz.de\/metaller-werden\/?page_id=120","title":{"rendered":"Der Herr der Maschinen"},"content":{"rendered":"<p><strong>Winkelschleifer<\/strong><\/p>\n<p>Weder Metall noch Stein sind vor diesem gefr\u00e4\u00dfigen Baby sicher. Mit bis zu<br \/>\n12.000 Umdrehungen pro Minute kann ein kleiner Winkelschleifer locker \u00fcber<br \/>\n2 Kilo wiegen und ist nicht ganz leicht zu h\u00e4ndeln. Wenn du damit schleifen<br \/>\noder schneiden m\u00f6chtest, brauchst du schon beides: Kraft und<br \/>\nFingerspitzengef\u00fchl!<\/p>\n<p><strong>Gabelstapler<\/strong><\/p>\n<p>Auch M\u00e4nner aus Stahl k\u00f6nnen nicht alles alleine machen. Wenn selbst die<br \/>\ndicksten Armmuskeln nicht mehr ausreichen, kommt dieser Kraftprotz ins<br \/>\nSpiel. Der Gabelstapler ist ein echter Herkules unter den Transportmitteln und<br \/>\nhebt locker Materialien mit dem Gewicht einer Tonne!<br \/>\n<strong> Amboss mit Schmiedefeuer<\/strong><br \/>\nHitze, Schwei\u00df und pure Muskelkraft \u2013 So wurde schon vor Jahrhunderten<br \/>\ngl\u00fchendes Metall in neue Form gebracht. Mit Amboss und Schmiedefeuer<br \/>\nzeigt sich das Traditionshandwerk in seiner Reinform.<\/p>\n<p>&nbsp;<\/p>\n<p><strong>Amboss mit Schmiedefeuer<\/strong><\/p>\n<p>Hitze, Schwei\u00df und pure Muskelkraft \u2013 So wurde schon vor Jahrhunderten<br \/>\ngl\u00fchendes Metall in neue Form gebracht. Mit Amboss und Schmiedefeuer<br \/>\nzeigt sich das Traditionshandwerk in seiner Reinform.<\/p>\n<p><strong>Laserschneidmaschine<\/strong><\/p>\n<p>Beim Laserschneiden trifft modernste Technik auf traditionelles<br \/>\nSchmiedehandwerk. Mit Hilfe dieser ausgekl\u00fcgelten Konstruktion kannst du<br \/>\nKunststoffe und Metalle pr\u00e4zise zusammenschwei\u00dfen. Das geht allerdings<br \/>\nnicht ohne Geschick, Feingef\u00fchl und einem scharfen Auge.<\/p>\n<p><strong>Autogenbrenner<\/strong><\/p>\n<p>Ein Brenngas-Sauerstoff-Gemisch erweckt diesen feurigen Kameraden zum<br \/>\nLeben. Aber Vorsicht: Der Autogenbrenner ist nur was f\u00fcr Profis! An ihrer<br \/>\nhei\u00dfesten Stelle erreicht die Flamme spielend 3200 Grad.<\/p>\n<p><strong>Drehbank<\/strong><\/p>\n<p>Ob Zylinder, Kegel oder Kugel \u2013 Mit der Drehbank kannst du Metall auch<br \/>\ngeschwungene Formen verpassen. Die Arbeit an dieser Maschine braucht<br \/>\nallerdings einiges an \u00dcbung und Erfahrung. Nicht zuletzt wegen<br \/>\nherumfliegender Metallsp\u00e4ne!<\/p>\n","protected":false},"excerpt":{"rendered":"<p>Winkelschleifer Weder Metall noch Stein sind vor diesem gefr\u00e4\u00dfigen Baby sicher. Mit bis zu 12.000 Umdrehungen pro Minute kann ein kleiner Winkelschleifer locker \u00fcber 2 Kilo wiegen und ist nicht &hellip;<\/p>\n","protected":false},"author":1,"featured_media":0,"parent":46,"menu_order":4,"comment_status":"closed","ping_status":"closed","template":"","meta":{"footnotes":""},"_links":{"self":[{"href":"https:\/\/www.schmiedeinnung-chemnitz.de\/metaller-werden\/index.php?rest_route=\/wp\/v2\/pages\/120"}],"collection":[{"href":"https:\/\/www.schmiedeinnung-chemnitz.de\/metaller-werden\/index.php?rest_route=\/wp\/v2\/pages"}],"about":[{"href":"https:\/\/www.schmiedeinnung-chemnitz.de\/metaller-werden\/index.php?rest_route=\/wp\/v2\/types\/page"}],"author":[{"embeddable":true,"href":"https:\/\/www.schmiedeinnung-chemnitz.de\/metaller-werden\/index.php?rest_route=\/wp\/v2\/users\/1"}],"replies":[{"embeddable":true,"href":"https:\/\/www.schmiedeinnung-chemnitz.de\/metaller-werden\/index.php?rest_route=%2Fwp%2Fv2%2Fcomments&post=120"}],"version-history":[{"count":16,"href":"https:\/\/www.schmiedeinnung-chemnitz.de\/metaller-werden\/index.php?rest_route=\/wp\/v2\/pages\/120\/revisions"}],"predecessor-version":[{"id":295,"href":"https:\/\/www.schmiedeinnung-chemnitz.de\/metaller-werden\/index.php?rest_route=\/wp\/v2\/pages\/120\/revisions\/295"}],"up":[{"embeddable":true,"href":"https:\/\/www.schmiedeinnung-chemnitz.de\/metaller-werden\/index.php?rest_route=\/wp\/v2\/pages\/46"}],"wp:attachment":[{"href":"https:\/\/www.schmiedeinnung-chemnitz.de\/metaller-werden\/index.php?rest_route=%2Fwp%2Fv2%2Fmedia&parent=120"}],"curies":[{"name":"wp","href":"https:\/\/api.w.org\/{rel}","templated":true}]}}