{"id":168,"date":"2012-12-18T19:33:21","date_gmt":"2012-12-18T17:33:21","guid":{"rendered":"https:\/\/www.schmiedeinnung-chemnitz.de\/metaller-werden\/?page_id=168"},"modified":"2013-03-03T03:10:05","modified_gmt":"2013-03-03T01:10:05","slug":"heavy-metal-vs-metallbau","status":"publish","type":"page","link":"https:\/\/www.schmiedeinnung-chemnitz.de\/metaller-werden\/?page_id=168","title":{"rendered":"Heavy Metal vs. Metallbau"},"content":{"rendered":"<table width=\"100%\" border=\"0\" cellpadding=\"0\" cellspacing=\"2\">\n<tr>\n<td><strong>Heavy Metal ist ein Lebensgef\u00fchl<\/strong><br \/>\nAuf der B\u00fchne haben wir richtig Spa\u00df! Mit unseren Instrumenten in der Hand, vor tollem Publikum \u2013 das ist einfach das Gr\u00f6\u00dfte! Und nach dem Auftritt feiert die Band gleich weiter&#8230;<\/td>\n<td><strong>Metallbau ist ein Lebensgef\u00fchl<\/strong><br \/>\nDer Spa\u00df kommt bei uns nie zu kurz. Wir haben st\u00e4ndig mit neuen Aufgaben und coolen Werkzeugen zu tun. Und nach Feierabend sitzen wir auch oft einfach noch mal mit den Kollegen zusammen&#8230;<\/td>\n<\/tr>\n<tr>\n<td>Laute Musik und schmutzige Gitarrenriffs, das sind die Dinge, die Heavy Metal ausmachen. Bei uns gibt\u2019s ganz sch\u00f6n auf die Ohren, aber die Leute erwarten das auch.<\/td>\n<td>Zugegeben, in den Werkst\u00e4tten kann es manchmal ganz sch\u00f6n laut und schmutzig werden. Das ist nichts f\u00fcr schwache Gem\u00fcter. Aber das geh\u00f6rt zur Atmosph\u00e4re<br \/>\ndes Jobs<\/td>\n<\/tr>\n<tr>\n<td>Heavy Metal ist keine Musikrichtung, sondern eine Lebensweise. Wir sind mit Herz und Seele bei unserer Musik und sind auch dann noch Heavy Metaler, wenn wir nicht gerade auf der B\u00fchne oder an unseren<br \/>\nInstrumenten stehen.<\/td>\n<td>Ich bin Handwerker mit Herz und Seele, ob ich bei der Arbeit bin oder nicht. Wenn zu hause, oder im Bekanntenkreis irgendwelche handwerklichen Aufgaben anfallen, bin ich derjenige den sie anrufen. Ich mach das gerne!<\/td>\n<\/tr>\n<tr>\n<td>Musik ist dass, was wir machen wollen. Auch sonst machen wir meistens nur das worauf wir auch Lust haben. Und ist wichtig, dass wir unsere eigene Richtung einschlagen und uns nicht festlegen lassen. Wir sind eben einfach: <strong>Feuer und Flamme f\u00fcr Heavy Metal!<\/strong><\/td>\n<td>Ich bin durch und durch Handwerker und mir liegt die Arbeit des Metallbauers. Trotzdem<br \/>\nwei\u00df ich noch nicht, wie meine berufliche Karriere sich in Zukunft entwickeln wird. Ich will mich da noch nicht festlegen und meinen eigenen Weg gehen. Die Ausbildung zum Metallbauer h\u00e4lt mir da viele T\u00fcren offen. Ich bin einfach: <strong>Feuer und Flamme f\u00fcr Heavy Metal!<\/strong><\/td>\n<\/tr>\n<\/table>\n","protected":false},"excerpt":{"rendered":"<p>Heavy Metal ist ein Lebensgef\u00fchl Auf der B\u00fchne haben wir richtig Spa\u00df! Mit unseren Instrumenten in der Hand, vor tollem Publikum \u2013 das ist einfach das Gr\u00f6\u00dfte! Und nach dem &hellip;<\/p>\n","protected":false},"author":1,"featured_media":0,"parent":46,"menu_order":3,"comment_status":"closed","ping_status":"closed","template":"","meta":{"footnotes":""},"_links":{"self":[{"href":"https:\/\/www.schmiedeinnung-chemnitz.de\/metaller-werden\/index.php?rest_route=\/wp\/v2\/pages\/168"}],"collection":[{"href":"https:\/\/www.schmiedeinnung-chemnitz.de\/metaller-werden\/index.php?rest_route=\/wp\/v2\/pages"}],"about":[{"href":"https:\/\/www.schmiedeinnung-chemnitz.de\/metaller-werden\/index.php?rest_route=\/wp\/v2\/types\/page"}],"author":[{"embeddable":true,"href":"https:\/\/www.schmiedeinnung-chemnitz.de\/metaller-werden\/index.php?rest_route=\/wp\/v2\/users\/1"}],"replies":[{"embeddable":true,"href":"https:\/\/www.schmiedeinnung-chemnitz.de\/metaller-werden\/index.php?rest_route=%2Fwp%2Fv2%2Fcomments&post=168"}],"version-history":[{"count":5,"href":"https:\/\/www.schmiedeinnung-chemnitz.de\/metaller-werden\/index.php?rest_route=\/wp\/v2\/pages\/168\/revisions"}],"predecessor-version":[{"id":294,"href":"https:\/\/www.schmiedeinnung-chemnitz.de\/metaller-werden\/index.php?rest_route=\/wp\/v2\/pages\/168\/revisions\/294"}],"up":[{"embeddable":true,"href":"https:\/\/www.schmiedeinnung-chemnitz.de\/metaller-werden\/index.php?rest_route=\/wp\/v2\/pages\/46"}],"wp:attachment":[{"href":"https:\/\/www.schmiedeinnung-chemnitz.de\/metaller-werden\/index.php?rest_route=%2Fwp%2Fv2%2Fmedia&parent=168"}],"curies":[{"name":"wp","href":"https:\/\/api.w.org\/{rel}","templated":true}]}}