{"id":259,"date":"2012-12-21T16:54:33","date_gmt":"2012-12-21T14:54:33","guid":{"rendered":"https:\/\/www.schmiedeinnung-chemnitz.de\/metaller-werden\/?page_id=259"},"modified":"2017-01-22T15:54:32","modified_gmt":"2017-01-22T13:54:32","slug":"heavy-metal-auf-dem-weihnachtsmarkt","status":"publish","type":"page","link":"https:\/\/www.schmiedeinnung-chemnitz.de\/metaller-werden\/?page_id=259","title":{"rendered":"Heavy Metal auf dem Weihnachtsmarkt"},"content":{"rendered":"<p>Wir von metaller-werden.de haben am 19. Dezember den Weihnachtsmarkt in Chemnitz richtig aufgemischt! Im Gep\u00e4ck einen Lautst\u00e4rkemesser und eine Schubkarre voll Schoko-Weihnachtsm\u00e4nner als Anreiz haben wir zusammen mit etlichen Passanten versucht, so laut wie m\u00f6glich &#8222;O Tannenbaum&#8220; zu singen&#8230; Oder besser gesagt zu &#8222;screamen&#8220;, wie sich das f\u00fcr echte Heavy Metaller geh\u00f6rt.<\/p>\n<p>Hier ein paar Eindr\u00fccke von der nicht zu \u00fcberh\u00f6renden Guerilla-Aktion auf dem Weihnachtsmarkt!<\/p>\n<p><iframe loading=\"lazy\" width=\"620\" height=\"349\" src=\"https:\/\/www.youtube.com\/embed\/K4fQ7U3SnOs?feature=oembed\" frameborder=\"0\" allowfullscreen><\/iframe><\/p>\n<p><strong>metaller-werden.de und die Schmiedeinnung Chemnitz w\u00fcnschen frohe Weihnachten!<\/strong><\/p>\n \n<!-- Start container 1 --><div id=\"wppa-modal-container-1\" class=\"wppa-modal-container\" style=\"position:relative;z-index:100000;\" data-wppa=\"yes\"><\/div><div id=\"wppa-container-wrapper-1\" class=\"alignnone wppa-container-wrapper\" style=\"width:100%;clear:both;padding:0;position:relative;\"><div id=\"wppa-container-1\" style=\"width:100%;\" class=\"wppa-container wppa-container-1 wppa-rev-8501007 wppa-prevrev-7606 wppa-theme-8.5.01.007 wppa-api-8.5.01.007\"><svg id=\"wppa-ajax-spin-1\" class=\"wppa-ajax-spin uil-default\" width=\"120px\" height=\"120px\" viewBox=\"0 0 100 100\" preserveAspectRatio=\"xMidYMid\" stroke=\"\" style=\"width:120px; height:120px; position:fixed; top:50%; margin-top:-60px; left:50%; margin-left:-60px; opacity:1; display:none; fill:#666666; background-color:#dddddd; border-radius:24px;\"><rect x=\"0\" y=\"0\" width=\"100\" height=\"100\" fill=\"none\" class=\"bk\"><\/rect><rect class=\"wppa-ajaxspin\" x=\"47\" y=\"40\" width=\"6\" height=\"20\" rx=\"3\" ry=\"3\" transform=\"rotate(0 50 50) translate(0 -32)\"><animate attributeName=\"opacity\" from=\"1\" to=\"0\" dur=\"1.5s\" begin=\"0s\" repeatCount=\"indefinite\" ><\/rect><rect class=\"wppa-ajaxspin\" x=\"47\" y=\"40\" width=\"6\" height=\"20\" rx=\"3\" ry=\"3\" transform=\"rotate(22.5 50 50) translate(0 -32)\"><animate attributeName=\"opacity\" from=\"1\" to=\"0\" dur=\"1.5s\" begin=\"0.09375s\" repeatCount=\"indefinite\" ><\/rect><rect class=\"wppa-ajaxspin\" x=\"47\" y=\"40\" width=\"6\" height=\"20\" rx=\"3\" ry=\"3\" transform=\"rotate(45 50 50) translate(0 -32)\"><animate attributeName=\"opacity\" from=\"1\" to=\"0\" dur=\"1.5s\" begin=\"0.1875s\" repeatCount=\"indefinite\" ><\/rect><rect class=\"wppa-ajaxspin\" x=\"47\" y=\"40\" width=\"6\" height=\"20\" rx=\"3\" ry=\"3\" transform=\"rotate(67.5 50 50) translate(0 -32)\"><animate attributeName=\"opacity\" from=\"1\" to=\"0\" dur=\"1.5s\" begin=\"0.28125s\" repeatCount=\"indefinite\" ><\/rect><rect class=\"wppa-ajaxspin\" x=\"47\" y=\"40\" width=\"6\" height=\"20\" rx=\"3\" ry=\"3\" transform=\"rotate(90 50 50) translate(0 -32)\"><animate attributeName=\"opacity\" from=\"1\" to=\"0\" dur=\"1.5s\" begin=\"0.375s\" repeatCount=\"indefinite\" ><\/rect><rect class=\"wppa-ajaxspin\" x=\"47\" y=\"40\" width=\"6\" height=\"20\" rx=\"3\" ry=\"3\" transform=\"rotate(112.5 50 50) translate(0 -32)\"><animate attributeName=\"opacity\" from=\"1\" to=\"0\" dur=\"1.5s\" begin=\"0.46875s\" repeatCount=\"indefinite\" ><\/rect><rect class=\"wppa-ajaxspin\" x=\"47\" y=\"40\" width=\"6\" height=\"20\" rx=\"3\" ry=\"3\" transform=\"rotate(135 50 50) translate(0 -32)\"><animate attributeName=\"opacity\" from=\"1\" to=\"0\" dur=\"1.5s\" begin=\"0.5625s\" repeatCount=\"indefinite\" ><\/rect><rect class=\"wppa-ajaxspin\" x=\"47\" y=\"40\" width=\"6\" height=\"20\" rx=\"3\" ry=\"3\" transform=\"rotate(157.5 50 50) translate(0 -32)\"><animate attributeName=\"opacity\" from=\"1\" to=\"0\" dur=\"1.5s\" begin=\"0.65625s\" repeatCount=\"indefinite\" ><\/rect><rect class=\"wppa-ajaxspin\" x=\"47\" y=\"40\" width=\"6\" height=\"20\" rx=\"3\" ry=\"3\" transform=\"rotate(180 50 50) translate(0 -32)\"><animate attributeName=\"opacity\" from=\"1\" to=\"0\" dur=\"1.5s\" begin=\"0.75s\" repeatCount=\"indefinite\" ><\/rect><rect class=\"wppa-ajaxspin\" x=\"47\" y=\"40\" width=\"6\" height=\"20\" rx=\"3\" ry=\"3\" transform=\"rotate(202.5 50 50) translate(0 -32)\"><animate attributeName=\"opacity\" from=\"1\" to=\"0\" dur=\"1.5s\" begin=\"0.84375s\" repeatCount=\"indefinite\" ><\/rect><rect class=\"wppa-ajaxspin\" x=\"47\" y=\"40\" width=\"6\" height=\"20\" rx=\"3\" ry=\"3\" transform=\"rotate(225 50 50) translate(0 -32)\"><animate attributeName=\"opacity\" from=\"1\" to=\"0\" dur=\"1.5s\" begin=\"0.9375s\" repeatCount=\"indefinite\" ><\/rect><rect class=\"wppa-ajaxspin\" x=\"47\" y=\"40\" width=\"6\" height=\"20\" rx=\"3\" ry=\"3\" transform=\"rotate(247.5 50 50) translate(0 -32)\"><animate attributeName=\"opacity\" from=\"1\" to=\"0\" dur=\"1.5s\" begin=\"1.03125s\" repeatCount=\"indefinite\" ><\/rect><rect class=\"wppa-ajaxspin\" x=\"47\" y=\"40\" width=\"6\" height=\"20\" rx=\"3\" ry=\"3\" transform=\"rotate(270 50 50) translate(0 -32)\"><animate attributeName=\"opacity\" from=\"1\" to=\"0\" dur=\"1.5s\" begin=\"1.125s\" repeatCount=\"indefinite\" ><\/rect><rect class=\"wppa-ajaxspin\" x=\"47\" y=\"40\" width=\"6\" height=\"20\" rx=\"3\" ry=\"3\" transform=\"rotate(292.5 50 50) translate(0 -32)\"><animate attributeName=\"opacity\" from=\"1\" to=\"0\" dur=\"1.5s\" begin=\"1.21875s\" repeatCount=\"indefinite\" ><\/rect><rect class=\"wppa-ajaxspin\" x=\"47\" y=\"40\" width=\"6\" height=\"20\" rx=\"3\" ry=\"3\" transform=\"rotate(315 50 50) translate(0 -32)\"><animate attributeName=\"opacity\" from=\"1\" to=\"0\" dur=\"1.5s\" begin=\"1.3125s\" repeatCount=\"indefinite\" ><\/rect><rect class=\"wppa-ajaxspin\" x=\"47\" y=\"40\" width=\"6\" height=\"20\" rx=\"3\" ry=\"3\" transform=\"rotate(337.5 50 50) translate(0 -32)\"><animate attributeName=\"opacity\" from=\"1\" to=\"0\" dur=\"1.5s\" begin=\"1.40625s\" repeatCount=\"indefinite\" ><\/rect><\/svg><input type=\"hidden\" id=\"wppa-nonce-0-1\" name=\"wppa-nonce\" value=\"c4c22af118\" ><div id=\"wppa-bc-1\" class=\"wppa-nav wppa-box wppa-nav-text wppa-bc\" ><a href=\"https:\/\/www.schmiedeinnung-chemnitz.de\/metaller-werden#wppa-container-1\" class=\"wppa-nav-text b1\" style=\"cursor:pointer\" title=\"metaller-werden.de\">Start<\/a><span class=\"wppa-nav-text b1\"> &raquo; <\/span><a href=\"https:\/\/www.schmiedeinnung-chemnitz.de\/metaller-werden\/?page_id=197#wppa-container-1\" class=\"wppa-nav-text b2\" style=\"cursor:pointer\" title=\"Seite: Kampagnen\">Kampagnen<\/a><span class=\"wppa-nav-text b2\"> &raquo; <\/span><span id=\"bc-pname-1\" class=\"wppa-nav-text b3\" style=\"cursor:pointer;\" title=\"Seite: Heavy Metal auf dem Weihnachtsmarkt\">Heavy Metal auf dem Weihnachtsmarkt<\/span><div style=\"clear:both\"><\/div><\/div><div id=\"wppa-albumlist-1\" style=\"overflow:auto;\" class=\"albumlist\" onscroll=\"wppaMakeLazyVisibleScrollEnd();\"><div id=\"album-1-1\" class=\"wppa-album-cover-standard album wppa-box wppa-cover-box wppa-cover-box-1\" style=\"width:100%;clear:both;\"><div id=\"covertext_frame_1_1\" class=\"wppa-text-frame-1 wppa-text-frame wppa-cover-text-frame wppa-asym-text-frame-1\" style=\"width:459px; float:left\"><h2 class=\"wppa-title\" style=\"clear:none;\"><a onclick=\"wppaDoAjaxRender( 1, 'https:\/\/www.schmiedeinnung-chemnitz.de\/metaller-werden\/wppaajax?action=wppa&wppa-action=render&wppa-size=640&wppa-occur=1&wppa-fromp=259&lang=de&wppa-album=1&wppa-cover=0&wppa-occur=1', 'https:\/\/www.schmiedeinnung-chemnitz.de\/metaller-werden\/?page_id=259&lang=de&wppa-album=1&wppa-cover=0&wppa-occur=1' )\" title=\"Zeige das Album Schmiedeschule in Chemnitz\" class=\"wppa-title\" style=\"cursor:pointer\">Schmiedeschule in Chemnitz<\/a><\/h2><div class=\"wppa-box-text wppa-black wppa-box-text-desc\" style=\"min-height:54px;\"><\/div><div class=\"wppa-box-text wppa-black wppa-info wppa-slideshow-browse-link wppa-album-cover-link\"><a class=\"wppa-album-cover-link\" onclick=\"wppaDoAjaxRender( 1, 'https:\/\/www.schmiedeinnung-chemnitz.de\/metaller-werden\/wppaajax?action=wppa&wppa-action=render&wppa-size=640&wppa-occur=1&wppa-fromp=259&lang=de&wppa-album=1&wppa-slide=1&wppa-occur=1', 'https:\/\/www.schmiedeinnung-chemnitz.de\/metaller-werden\/?page_id=259&lang=de&wppa-album=1&wppa-slide=1&wppa-occur=1' )\" title=\"Diashow\" style=\"cursor:pointer\">Diashow<\/a><\/div><div class=\"wppa-box-text wppa-black wppa-info wppa-viewlink wppa-album-cover-link\"><a class=\"wppa-album-cover-link\" onclick=\"wppaDoAjaxRender( 1, 'https:\/\/www.schmiedeinnung-chemnitz.de\/metaller-werden\/wppaajax?action=wppa&wppa-action=render&wppa-size=640&wppa-occur=1&wppa-fromp=259&lang=de&wppa-album=1&wppa-cover=0&wppa-occur=1', 'https:\/\/www.schmiedeinnung-chemnitz.de\/metaller-werden\/?page_id=259&lang=de&wppa-album=1&wppa-cover=0&wppa-occur=1' )\" title=\"Zeige das Album Schmiedeschule in Chemnitz\" style=\"cursor:pointer\">10&nbsp;Fotos&nbsp;anzeigen<\/a><\/div><\/div><div style=\"clear:both;\"><\/div><\/div><div id=\"album-2-1\" class=\"wppa-album-cover-standard album wppa-box wppa-cover-box wppa-cover-box-1\" style=\"width:100%;float:right;\"><div id=\"covertext_frame_2_1\" class=\"wppa-text-frame-1 wppa-text-frame wppa-cover-text-frame wppa-asym-text-frame-1\" style=\"width:459px; float:left\"><h2 class=\"wppa-title\" style=\"clear:none;\"><a onclick=\"wppaDoAjaxRender( 1, 'https:\/\/www.schmiedeinnung-chemnitz.de\/metaller-werden\/wppaajax?action=wppa&wppa-action=render&wppa-size=640&wppa-occur=1&wppa-fromp=259&lang=de&wppa-album=2&wppa-cover=0&wppa-occur=1', 'https:\/\/www.schmiedeinnung-chemnitz.de\/metaller-werden\/?page_id=259&lang=de&wppa-album=2&wppa-cover=0&wppa-occur=1' )\" title=\"Zeige das Album Imagespot-Dreh mit Heavy Metal-Band Oblivian\" class=\"wppa-title\" style=\"cursor:pointer\">Imagespot-Dreh mit Heavy Metal-Band Oblivian<\/a><\/h2><div class=\"wppa-box-text wppa-black wppa-box-text-desc\" style=\"min-height:54px;\"><\/div><div class=\"wppa-box-text wppa-black wppa-info wppa-slideshow-browse-link wppa-album-cover-link\"><a class=\"wppa-album-cover-link\" onclick=\"wppaDoAjaxRender( 1, 'https:\/\/www.schmiedeinnung-chemnitz.de\/metaller-werden\/wppaajax?action=wppa&wppa-action=render&wppa-size=640&wppa-occur=1&wppa-fromp=259&lang=de&wppa-album=2&wppa-slide=1&wppa-occur=1', 'https:\/\/www.schmiedeinnung-chemnitz.de\/metaller-werden\/?page_id=259&lang=de&wppa-album=2&wppa-slide=1&wppa-occur=1' )\" title=\"Diashow\" style=\"cursor:pointer\">Diashow<\/a><\/div><div class=\"wppa-box-text wppa-black wppa-info wppa-viewlink wppa-album-cover-link\"><a class=\"wppa-album-cover-link\" onclick=\"wppaDoAjaxRender( 1, 'https:\/\/www.schmiedeinnung-chemnitz.de\/metaller-werden\/wppaajax?action=wppa&wppa-action=render&wppa-size=640&wppa-occur=1&wppa-fromp=259&lang=de&wppa-album=2&wppa-cover=0&wppa-occur=1', 'https:\/\/www.schmiedeinnung-chemnitz.de\/metaller-werden\/?page_id=259&lang=de&wppa-album=2&wppa-cover=0&wppa-occur=1' )\" title=\"Zeige das Album Imagespot-Dreh mit Heavy Metal-Band Oblivian\" style=\"cursor:pointer\">6&nbsp;Fotos&nbsp;anzeigen<\/a><\/div><\/div><div style=\"clear:both;\"><\/div><\/div><div id=\"album-3-1\" class=\"wppa-album-cover-standard album wppa-box wppa-cover-box wppa-cover-box-1\" style=\"width:100%;float:right;\"><div id=\"covertext_frame_3_1\" class=\"wppa-text-frame-1 wppa-text-frame wppa-cover-text-frame wppa-asym-text-frame-1\" style=\"width:459px; float:left\"><h2 class=\"wppa-title\" style=\"clear:none;\"><a onclick=\"wppaDoAjaxRender( 1, 'https:\/\/www.schmiedeinnung-chemnitz.de\/metaller-werden\/wppaajax?action=wppa&wppa-action=render&wppa-size=640&wppa-occur=1&wppa-fromp=259&lang=de&wppa-album=3&wppa-cover=0&wppa-occur=1', 'https:\/\/www.schmiedeinnung-chemnitz.de\/metaller-werden\/?page_id=259&lang=de&wppa-album=3&wppa-cover=0&wppa-occur=1' )\" title=\"Zeige das Album So k\u00f6nnte deine Arbeit aussehen!\" class=\"wppa-title\" style=\"cursor:pointer\">So k\u00f6nnte deine Arbeit aussehen!<\/a><\/h2><div class=\"wppa-box-text wppa-black wppa-box-text-desc\" style=\"min-height:54px;\"><\/div><div class=\"wppa-box-text wppa-black wppa-info wppa-slideshow-browse-link wppa-album-cover-link\"><a class=\"wppa-album-cover-link\" onclick=\"wppaDoAjaxRender( 1, 'https:\/\/www.schmiedeinnung-chemnitz.de\/metaller-werden\/wppaajax?action=wppa&wppa-action=render&wppa-size=640&wppa-occur=1&wppa-fromp=259&lang=de&wppa-album=3&wppa-slide=1&wppa-occur=1', 'https:\/\/www.schmiedeinnung-chemnitz.de\/metaller-werden\/?page_id=259&lang=de&wppa-album=3&wppa-slide=1&wppa-occur=1' )\" title=\"Diashow\" style=\"cursor:pointer\">Diashow<\/a><\/div><div class=\"wppa-box-text wppa-black wppa-info wppa-viewlink wppa-album-cover-link\"><a class=\"wppa-album-cover-link\" onclick=\"wppaDoAjaxRender( 1, 'https:\/\/www.schmiedeinnung-chemnitz.de\/metaller-werden\/wppaajax?action=wppa&wppa-action=render&wppa-size=640&wppa-occur=1&wppa-fromp=259&lang=de&wppa-album=3&wppa-cover=0&wppa-occur=1', 'https:\/\/www.schmiedeinnung-chemnitz.de\/metaller-werden\/?page_id=259&lang=de&wppa-album=3&wppa-cover=0&wppa-occur=1' )\" title=\"Zeige das Album So k\u00f6nnte deine Arbeit aussehen!\" style=\"cursor:pointer\">22&nbsp;Fotos&nbsp;anzeigen<\/a><\/div><\/div><div style=\"clear:both;\"><\/div><\/div><div id=\"album-4-1\" class=\"wppa-album-cover-standard album wppa-box wppa-cover-box wppa-cover-box-1\" style=\"width:100%;float:right;\"><div id=\"covertext_frame_4_1\" class=\"wppa-text-frame-1 wppa-text-frame wppa-cover-text-frame wppa-asym-text-frame-1\" style=\"width:459px; float:left\"><h2 class=\"wppa-title\" style=\"clear:none;\"><a onclick=\"wppaDoAjaxRender( 1, 'https:\/\/www.schmiedeinnung-chemnitz.de\/metaller-werden\/wppaajax?action=wppa&wppa-action=render&wppa-size=640&wppa-occur=1&wppa-fromp=259&lang=de&wppa-album=4&wppa-cover=0&wppa-occur=1', 'https:\/\/www.schmiedeinnung-chemnitz.de\/metaller-werden\/?page_id=259&lang=de&wppa-album=4&wppa-cover=0&wppa-occur=1' )\" title=\"Zeige das Album Heavy Metal auf dem Weihnachtsmarkt\" class=\"wppa-title\" style=\"cursor:pointer\">Heavy Metal auf dem Weihnachtsmarkt<\/a><\/h2><div class=\"wppa-box-text wppa-black wppa-box-text-desc\" style=\"min-height:54px;\"><\/div><div class=\"wppa-box-text wppa-black wppa-info wppa-slideshow-browse-link wppa-album-cover-link\"><a class=\"wppa-album-cover-link\" onclick=\"wppaDoAjaxRender( 1, 'https:\/\/www.schmiedeinnung-chemnitz.de\/metaller-werden\/wppaajax?action=wppa&wppa-action=render&wppa-size=640&wppa-occur=1&wppa-fromp=259&lang=de&wppa-album=4&wppa-slide=1&wppa-occur=1', 'https:\/\/www.schmiedeinnung-chemnitz.de\/metaller-werden\/?page_id=259&lang=de&wppa-album=4&wppa-slide=1&wppa-occur=1' )\" title=\"Diashow\" style=\"cursor:pointer\">Diashow<\/a><\/div><div class=\"wppa-box-text wppa-black wppa-info wppa-viewlink wppa-album-cover-link\"><a class=\"wppa-album-cover-link\" onclick=\"wppaDoAjaxRender( 1, 'https:\/\/www.schmiedeinnung-chemnitz.de\/metaller-werden\/wppaajax?action=wppa&wppa-action=render&wppa-size=640&wppa-occur=1&wppa-fromp=259&lang=de&wppa-album=4&wppa-cover=0&wppa-occur=1', 'https:\/\/www.schmiedeinnung-chemnitz.de\/metaller-werden\/?page_id=259&lang=de&wppa-album=4&wppa-cover=0&wppa-occur=1' )\" title=\"Zeige das Album Heavy Metal auf dem Weihnachtsmarkt\" style=\"cursor:pointer\">14&nbsp;Fotos&nbsp;anzeigen<\/a><\/div><\/div><div style=\"clear:both;\"><\/div><\/div><\/div><div style=\"clear:both;\"><\/div><div id=\"wppa-container-1-end\"><\/div><\/div><\/div>\n<!-- End [wppa slide=\"4\"] \/metaller-werden\/index.php?rest_route=%2Fwp%2Fv2%2Fpages%2F259 oc 1 46 queries in 3.9 ms. at 01:09. Max mem: 50.00 Mb. -->\n","protected":false},"excerpt":{"rendered":"<p>Wir von metaller-werden.de haben am 19. Dezember den Weihnachtsmarkt in Chemnitz richtig aufgemischt! Im Gep\u00e4ck einen Lautst\u00e4rkemesser und eine Schubkarre voll Schoko-Weihnachtsm\u00e4nner als Anreiz haben wir zusammen mit etlichen Passanten &hellip;<\/p>\n","protected":false},"author":1,"featured_media":0,"parent":197,"menu_order":0,"comment_status":"closed","ping_status":"closed","template":"","meta":{"footnotes":""},"_links":{"self":[{"href":"https:\/\/www.schmiedeinnung-chemnitz.de\/metaller-werden\/index.php?rest_route=\/wp\/v2\/pages\/259"}],"collection":[{"href":"https:\/\/www.schmiedeinnung-chemnitz.de\/metaller-werden\/index.php?rest_route=\/wp\/v2\/pages"}],"about":[{"href":"https:\/\/www.schmiedeinnung-chemnitz.de\/metaller-werden\/index.php?rest_route=\/wp\/v2\/types\/page"}],"author":[{"embeddable":true,"href":"https:\/\/www.schmiedeinnung-chemnitz.de\/metaller-werden\/index.php?rest_route=\/wp\/v2\/users\/1"}],"replies":[{"embeddable":true,"href":"https:\/\/www.schmiedeinnung-chemnitz.de\/metaller-werden\/index.php?rest_route=%2Fwp%2Fv2%2Fcomments&post=259"}],"version-history":[{"count":6,"href":"https:\/\/www.schmiedeinnung-chemnitz.de\/metaller-werden\/index.php?rest_route=\/wp\/v2\/pages\/259\/revisions"}],"predecessor-version":[{"id":21607,"href":"https:\/\/www.schmiedeinnung-chemnitz.de\/metaller-werden\/index.php?rest_route=\/wp\/v2\/pages\/259\/revisions\/21607"}],"up":[{"embeddable":true,"href":"https:\/\/www.schmiedeinnung-chemnitz.de\/metaller-werden\/index.php?rest_route=\/wp\/v2\/pages\/197"}],"wp:attachment":[{"href":"https:\/\/www.schmiedeinnung-chemnitz.de\/metaller-werden\/index.php?rest_route=%2Fwp%2Fv2%2Fmedia&parent=259"}],"curies":[{"name":"wp","href":"https:\/\/api.w.org\/{rel}","templated":true}]}}