{"id":4,"date":"2012-12-17T17:48:07","date_gmt":"2012-12-17T15:48:07","guid":{"rendered":"https:\/\/www.schmiedeinnung-chemnitz.de\/metaller-werden\/?page_id=4"},"modified":"2012-12-19T11:20:00","modified_gmt":"2012-12-19T09:20:00","slug":"frequently-asked-questions","status":"publish","type":"page","link":"https:\/\/www.schmiedeinnung-chemnitz.de\/metaller-werden\/?page_id=4","title":{"rendered":"Frequently Asked Questions"},"content":{"rendered":"<p><strong>Ist die Ausbildung zum Metallbauer was f\u00fcr mich?<\/strong><\/p>\n<p>Die Ausbildung zum Metallbauer ist was f\u00fcr dich, wenn du gern etwas mit deinen eigenen H\u00e4nden schaffst anstatt nur \u201erumzusitzen\u201c. Wenn du ein wenig Interesse f\u00fcr Technik hast und vielleicht auch etwas handwerkliches Geschick \u2013 umso besser!<\/p>\n<p><strong>Welche Voraussetzungen brauche ich, um eine Ausbildung zum Metallbauer anzufangen?<\/strong><\/p>\n<p>Vor allem brauchst du Interesse an handwerklichen und kreativen T\u00e4tigkeiten. Ein seri\u00f6ses Auftreten, ein sicherer Umgang mit Kunden und gute Noten in den F\u00e4chern Mathe, Physik und Chemie. Wenn du dann noch Teamgeist mitbringst: Perfekt!<\/p>\n<p><strong>Was muss alles in die Bewerbung?<\/strong><\/p>\n<p>F\u00fcr eine komplette Bewerbung ben\u00f6tigen wir ein Foto von dir, dein letztes Schulzeugnis und nat\u00fcrlich auch deinen Lebenslauf. Gern kannst du auch Beurteilungen von Praktika beilegen.<\/p>\n<p><strong>An wen muss ich meine Bewerbung schicken?<\/strong><\/p>\n<p>Sende deine Bewerbung bitte direkt an die ausbildenden Firmen der Schmiedeinnung Chemnitz.<\/p>\n<p><strong>Welche Perspektiven habe ich als Metallbauer?<\/strong><\/p>\n<p>Metallbauer gilt als sicherer Job; man wird dich also bestimmt auch noch in zehn Jahren brauchen. Das hei\u00dft, du k\u00f6nntest diesen Job ruhig bis zur Rente machen \u2013 nat\u00fcrlich nicht nur hier in Sachsen. Als ausgebildeter Metallbauer kannst du nach einigen Jahren \u201edeinen Meister machen\u201c \u2013 es werden sich aber auch \u201eVW\u201c oder \u201eBMW\u201c um dich rei\u00dfen! Nach der Ausbildung ist nicht mal das Ausland vor dir sicher! Du kannst aber auch an den Schreibtisch wechseln \u2013 und zum Beispiel ein Studium dranh\u00e4ngen! So oder so, als Handwerker kannst du dich super selbstst\u00e4ndig machen: Dann bist du dein eigener Chef!<\/p>\n<p><strong>Wie lange dauert die Ausbildung?<\/strong><\/p>\n<p>Genau dreieinhalb Jahre! Danach hast du eine super Grundlage und alle M\u00f6glichkeiten!<\/p>\n<p><strong>Was verdiene ich in der Ausbildung?<\/strong><\/p>\n<p>Die Bezahlung bei den Innungsbetrieben erfolgt nach Tarif.<\/p>\n<p><strong>Wie genau l\u00e4uft die Ausbildung ab?<\/strong><\/p>\n<p>Du hast den einen Part der Ausbildung an der \u201eSchmiedeschule\u201c &#8211; oder ganz f\u00f6rmlich ausgedr\u00fcckt, der Handwerkerschule Chemnitz. Wie genau dort ein Unterrichtstag zwischen Theorie und Praxis aussieht, liest du hier auf www.metaller-werden.de. Daneben besuchst du \u00fcberbetriebliche Lehrg\u00e4nge der Handwerkskammer \u2013 und vertiefst deine Kenntnisse im Drehen, Fr\u00e4sen und nat\u00fcrlich auch im Schmieden.<\/p>\n<p>Die andere H\u00e4lfte bist du in deinem Ausbildungsbetrieb. Hier kannst du zeigen, was du drauf hast und lernst Schwei\u00dfen, wie du ein Schmiedefeuer b\u00e4ndigst oder auch mal richtig \u201edraufzuhauen\u201c! Das Fitness-Studio kannst du dir damit sparen.<\/p>\n<p><strong>Ist Metallbauer auch was f\u00fcr M\u00e4dels?<\/strong><\/p>\n<p>Aber klar \u2013 nur Mut! Beim Metallbauer kommt es nicht nur auf Kraft an, sondern aufs K\u00f6pfchen und Fingerspitzengef\u00fchl.<\/p>\n","protected":false},"excerpt":{"rendered":"<p>Ist die Ausbildung zum Metallbauer was f\u00fcr mich? Die Ausbildung zum Metallbauer ist was f\u00fcr dich, wenn du gern etwas mit deinen eigenen H\u00e4nden schaffst anstatt nur \u201erumzusitzen\u201c. Wenn du &hellip;<\/p>\n","protected":false},"author":1,"featured_media":0,"parent":46,"menu_order":7,"comment_status":"open","ping_status":"closed","template":"","meta":{"footnotes":""},"_links":{"self":[{"href":"https:\/\/www.schmiedeinnung-chemnitz.de\/metaller-werden\/index.php?rest_route=\/wp\/v2\/pages\/4"}],"collection":[{"href":"https:\/\/www.schmiedeinnung-chemnitz.de\/metaller-werden\/index.php?rest_route=\/wp\/v2\/pages"}],"about":[{"href":"https:\/\/www.schmiedeinnung-chemnitz.de\/metaller-werden\/index.php?rest_route=\/wp\/v2\/types\/page"}],"author":[{"embeddable":true,"href":"https:\/\/www.schmiedeinnung-chemnitz.de\/metaller-werden\/index.php?rest_route=\/wp\/v2\/users\/1"}],"replies":[{"embeddable":true,"href":"https:\/\/www.schmiedeinnung-chemnitz.de\/metaller-werden\/index.php?rest_route=%2Fwp%2Fv2%2Fcomments&post=4"}],"version-history":[{"count":7,"href":"https:\/\/www.schmiedeinnung-chemnitz.de\/metaller-werden\/index.php?rest_route=\/wp\/v2\/pages\/4\/revisions"}],"predecessor-version":[{"id":228,"href":"https:\/\/www.schmiedeinnung-chemnitz.de\/metaller-werden\/index.php?rest_route=\/wp\/v2\/pages\/4\/revisions\/228"}],"up":[{"embeddable":true,"href":"https:\/\/www.schmiedeinnung-chemnitz.de\/metaller-werden\/index.php?rest_route=\/wp\/v2\/pages\/46"}],"wp:attachment":[{"href":"https:\/\/www.schmiedeinnung-chemnitz.de\/metaller-werden\/index.php?rest_route=%2Fwp%2Fv2%2Fmedia&parent=4"}],"curies":[{"name":"wp","href":"https:\/\/api.w.org\/{rel}","templated":true}]}}