{"id":46,"date":"2012-12-18T03:40:48","date_gmt":"2012-12-18T01:40:48","guid":{"rendered":"https:\/\/www.schmiedeinnung-chemnitz.de\/metaller-werden\/?page_id=46"},"modified":"2012-12-21T16:46:21","modified_gmt":"2012-12-21T14:46:21","slug":"artikel","status":"publish","type":"page","link":"https:\/\/www.schmiedeinnung-chemnitz.de\/metaller-werden\/?page_id=46","title":{"rendered":"Lesen"},"content":{"rendered":"<p>Ein schneller \u00dcberblick gef\u00e4llig? Hier findest du alle Beitr\u00e4ge von metaller-werden.de!<\/p>\n<p><a href=\"https:\/\/www.schmiedeinnung-chemnitz.de\/metaller-werden\/?page_id=140\">Deine Ausbildung<\/a><\/p>\n<p><a href=\"https:\/\/www.schmiedeinnung-chemnitz.de\/metaller-werden\/?page_id=24\">Deine Zukunft<\/a><\/p>\n<p><a href=\"https:\/\/www.schmiedeinnung-chemnitz.de\/metaller-werden\/?page_id=168\">Heavy Metal vs. Metallbau<\/a><\/p>\n<p><a href=\"https:\/\/www.schmiedeinnung-chemnitz.de\/metaller-werden\/?page_id=120\">Der Herr der Maschinen<\/a><\/p>\n<p><a href=\"https:\/\/www.schmiedeinnung-chemnitz.de\/metaller-werden\/?page_id=8\">Ein Tag an der Schmiedeschule<\/a><\/p>\n<p><a href=\"https:\/\/www.schmiedeinnung-chemnitz.de\/metaller-werden\/?page_id=127\">Heavy Metal-Dreh in der Schmiede<\/a><\/p>\n<p><a href=\"https:\/\/www.schmiedeinnung-chemnitz.de\/metaller-werden\/?page_id=4\">Frequently Asked Questions<\/a><\/p>\n","protected":false},"excerpt":{"rendered":"<p>Ein schneller \u00dcberblick gef\u00e4llig? Hier findest du alle Beitr\u00e4ge von metaller-werden.de! Deine Ausbildung Deine Zukunft Heavy Metal vs. Metallbau Der Herr der Maschinen Ein Tag an der Schmiedeschule Heavy Metal-Dreh &hellip;<\/p>\n","protected":false},"author":1,"featured_media":0,"parent":0,"menu_order":4,"comment_status":"closed","ping_status":"closed","template":"","meta":{"footnotes":""},"_links":{"self":[{"href":"https:\/\/www.schmiedeinnung-chemnitz.de\/metaller-werden\/index.php?rest_route=\/wp\/v2\/pages\/46"}],"collection":[{"href":"https:\/\/www.schmiedeinnung-chemnitz.de\/metaller-werden\/index.php?rest_route=\/wp\/v2\/pages"}],"about":[{"href":"https:\/\/www.schmiedeinnung-chemnitz.de\/metaller-werden\/index.php?rest_route=\/wp\/v2\/types\/page"}],"author":[{"embeddable":true,"href":"https:\/\/www.schmiedeinnung-chemnitz.de\/metaller-werden\/index.php?rest_route=\/wp\/v2\/users\/1"}],"replies":[{"embeddable":true,"href":"https:\/\/www.schmiedeinnung-chemnitz.de\/metaller-werden\/index.php?rest_route=%2Fwp%2Fv2%2Fcomments&post=46"}],"version-history":[{"count":12,"href":"https:\/\/www.schmiedeinnung-chemnitz.de\/metaller-werden\/index.php?rest_route=\/wp\/v2\/pages\/46\/revisions"}],"predecessor-version":[{"id":254,"href":"https:\/\/www.schmiedeinnung-chemnitz.de\/metaller-werden\/index.php?rest_route=\/wp\/v2\/pages\/46\/revisions\/254"}],"wp:attachment":[{"href":"https:\/\/www.schmiedeinnung-chemnitz.de\/metaller-werden\/index.php?rest_route=%2Fwp%2Fv2%2Fmedia&parent=46"}],"curies":[{"name":"wp","href":"https:\/\/api.w.org\/{rel}","templated":true}]}}