{"id":8,"date":"2012-12-17T17:56:14","date_gmt":"2012-12-17T15:56:14","guid":{"rendered":"https:\/\/www.schmiedeinnung-chemnitz.de\/metaller-werden\/?page_id=8"},"modified":"2017-01-22T15:53:24","modified_gmt":"2017-01-22T13:53:24","slug":"ein-tag-an-der-schmiedeschule","status":"publish","type":"page","link":"https:\/\/www.schmiedeinnung-chemnitz.de\/metaller-werden\/?page_id=8","title":{"rendered":"Ein Tag an der Schmiedeschule"},"content":{"rendered":"<p>An der Handwerkerschule Chemnitz: Die mechanischen H\u00e4mmer h\u00f6rt man schon von weitem. Die Arbeit am Amboss geht da fast unter. &#8222;Es kommt beim Schmieden nicht unbedingt auf Kraft an! Die Sch\u00fcler m\u00fcssen wissen, wie und wo sie mit dem Hammer ansetzen&#8220;, kl\u00e4rt Lehrerin Frau Hase auf. Hier, im Keller, befinden sich die Lehrwerkst\u00e4tten der Handwerkerschule Chemnitz. Teilweise kommen die Sch\u00fcler bis aus dem Harz oder Th\u00fcringen an die Handwerkerschule, um hier das richtige Gesp\u00fcr f\u00fcr Gl\u00fchfarben und Schmiedetemperaturen zu bekommen.<\/p>\n<p><a href=\"https:\/\/www.schmiedeinnung-chemnitz.de\/metaller-werden\/?attachment_id=53\" rel=\"attachment wp-att-53\"><img decoding=\"async\" loading=\"lazy\" class=\"size-medium wp-image-53 alignleft\" alt=\"Schmiedesch\u00fcler beim schmieden\" src=\"https:\/\/www.schmiedeinnung-chemnitz.de\/metaller-werden\/wp-content\/uploads\/2012\/12\/121206_Schmiedeinnung_BSZ_fuer_Technik_Chemnitz-12-von-26-300x166.jpg\" width=\"300\" height=\"166\" srcset=\"https:\/\/www.schmiedeinnung-chemnitz.de\/metaller-werden\/wp-content\/uploads\/2012\/12\/121206_Schmiedeinnung_BSZ_fuer_Technik_Chemnitz-12-von-26-300x166.jpg 300w, https:\/\/www.schmiedeinnung-chemnitz.de\/metaller-werden\/wp-content\/uploads\/2012\/12\/121206_Schmiedeinnung_BSZ_fuer_Technik_Chemnitz-12-von-26-1024x568.jpg 1024w\" sizes=\"(max-width: 300px) 100vw, 300px\" \/><\/a>Aber auch Schwei\u00dfen lernen die Berufssch\u00fcler im &#8222;Ger\u00e4tegest\u00fctzten Unterricht&#8220;. Sichtschutz auf, los gehts. Ein paar Meter und einen Raum weiter erkl\u00e4rt Herr Oertel die Feinheiten f\u00fcrs Drehen und Fr\u00e4sen. &#8222;Die Metallbauer haben nach der Ausbildung wirklich gute Chancen auf \u00dcbernahme&#8220;, wei\u00df der Fachlehrer; das ist l\u00e4ngst nicht in jedem Beruf so. Trotzdem: Eine Fr\u00e4smaschine zu programmieren, eine Drehbank zu bedienen, gar nicht so einfach. Und dann ist da ja immer auch das Aufr\u00e4umen &#8211; mag man denken! &#8222;Doch das geht ganz schnell, wir packen einfach zehn Minuten zusammen an und fertig&#8220;, erz\u00e4hlt die Metaller-Klasse.<\/p>\n<p><strong>Am Anfang war die technische Zeichnung<\/strong><\/p>\n<p><a href=\"https:\/\/www.schmiedeinnung-chemnitz.de\/metaller-werden\/?attachment_id=58\" rel=\"attachment wp-att-58\"><img decoding=\"async\" loading=\"lazy\" class=\"size-medium wp-image-58 alignright\" alt=\"Die Sch\u00fcler beim technischen Zeichnen\" src=\"https:\/\/www.schmiedeinnung-chemnitz.de\/metaller-werden\/wp-content\/uploads\/2012\/12\/121206_Schmiedeinnung_BSZ_fuer_Technik_Chemnitz-2-von-26-300x200.jpg\" width=\"300\" height=\"200\" srcset=\"https:\/\/www.schmiedeinnung-chemnitz.de\/metaller-werden\/wp-content\/uploads\/2012\/12\/121206_Schmiedeinnung_BSZ_fuer_Technik_Chemnitz-2-von-26-300x200.jpg 300w, https:\/\/www.schmiedeinnung-chemnitz.de\/metaller-werden\/wp-content\/uploads\/2012\/12\/121206_Schmiedeinnung_BSZ_fuer_Technik_Chemnitz-2-von-26-1024x682.jpg 1024w\" sizes=\"(max-width: 300px) 100vw, 300px\" \/><\/a>Zur\u00fcck, ein paar Etagen weiter oben: Frau Hase spricht gerade \u00fcber die Projektarbeit der Sch\u00fcler. Sie sollen ein Angebot f\u00fcr die Restauration eines Tors wenige Kilometer von der &#8222;Schmiedeschule&#8220; entfernt machen. &#8222;Es gibt viel zu lernen, zum Beispiel was Kunden anbelangt&#8220;, sagt sie. Materialkosten, ein erster Entwurf, eine Angebotsbeschreibung: Alles muss passen. Zur\u00fccklehnen d\u00fcrfen sich die angehenden Metallbauer nicht.<\/p>\n<p><center><\/center>Haben sie aber auch nicht vor: Hans-Jakob zum Beispiel, einer von 14 in der Metallbauer-Klasse, 4. Lehrjahr. Er m\u00f6chte nach seiner Ausbildung Schmiedelehrer werden. Doch was hat sein Umfeld eigentlich gesagt, als er Schmied wurde? &#8222;Die fanden das prima, richtig pr\u00e4chtig wenn man so etwas handwerkliches macht!&#8220;<\/p>\n<p><a href=\"https:\/\/www.schmiedeinnung-chemnitz.de\/metaller-werden\/?attachment_id=60\" rel=\"attachment wp-att-60\"><img decoding=\"async\" loading=\"lazy\" class=\"size-medium wp-image-60 alignleft\" alt=\"Umsetzen der Idee beim WIG-Schwei\u00dfen\" src=\"https:\/\/www.schmiedeinnung-chemnitz.de\/metaller-werden\/wp-content\/uploads\/2012\/12\/121206_Schmiedeinnung_BSZ_fuer_Technik_Chemnitz-9-von-26-300x200.jpg\" width=\"300\" height=\"200\" srcset=\"https:\/\/www.schmiedeinnung-chemnitz.de\/metaller-werden\/wp-content\/uploads\/2012\/12\/121206_Schmiedeinnung_BSZ_fuer_Technik_Chemnitz-9-von-26-300x200.jpg 300w, https:\/\/www.schmiedeinnung-chemnitz.de\/metaller-werden\/wp-content\/uploads\/2012\/12\/121206_Schmiedeinnung_BSZ_fuer_Technik_Chemnitz-9-von-26-1024x682.jpg 1024w\" sizes=\"(max-width: 300px) 100vw, 300px\" \/><\/a>&#8222;Die Sch\u00fcler m\u00fcssen eine gewisse Kreativit\u00e4t entwickeln&#8220;, erkl\u00e4rt Frau Hase, w\u00e4hrend sie vor einer Skulptur steht. Angehende Metallbauer arbeiten daf\u00fcr auch mit anderen Materialien wie Stein und Holz. &#8222;Mir ist kein Fall bekannt, der nach der Ausbildung keinen Job gefunden hat&#8220;, erz\u00e4hlt sie. Metallbauer kommen viel rum, der Job sei wegen des breiten Spektrums nie eint\u00f6nig. Und tats\u00e4chlich: Die meisten Ausbildungsbetriebe locken ihre Bewerber oft mit einem sehr guten Arbeitsklima und viel Freiraum.<\/p>\n<p><strong>Frauen an den Hammer<\/strong><\/p>\n<p>Eine Ausbildung zum Metallbauer, das ist mal was anderes. Die Atmosph\u00e4re: Alle kennen sich &#8211; nat\u00fcrlich. Da f\u00fchlt sich auch Julia wohl. Sie ist die einzige &#8222;Metallb\u00e4uerin&#8220; &#8211; und wird in einigen Jahren die Firma ihres Vaters \u00fcbernehmen. Auch wenn ihre Freunde am Anfang sprachlos waren &#8211; und sie sich fast schon eine Standard-Antwort auf die Frage zurechtgelegt hat, warum sie als Frau eine Ausbildung zum &#8222;Metaller&#8220; macht. &#8222;Als Metallbauer habe ich super Perspektiven. Man muss sich als Frau nicht behaupten, alle sind freundlich und b\u00f6se war hier auch niemand&#8220;, scherzt sie. Sie f\u00fchlt sich wohl, die kreative Arbeit, das Restaurieren, das alles macht ihr Spa\u00df.<\/p>\n<p><strong> \n<!-- Start container 1 --><div id=\"wppa-modal-container-1\" class=\"wppa-modal-container\" style=\"position:relative;z-index:100000;\" data-wppa=\"yes\"><\/div><div id=\"wppa-container-wrapper-1\" class=\"alignnone wppa-container-wrapper\" style=\"width:100%;clear:both;padding:0;position:relative;\"><div id=\"wppa-container-1\" style=\"width:100%;\" class=\"wppa-container wppa-container-1 wppa-rev-8501007 wppa-prevrev-7606 wppa-theme-8.5.01.007 wppa-api-8.5.01.007\"><svg id=\"wppa-ajax-spin-1\" class=\"wppa-ajax-spin uil-default\" width=\"120px\" height=\"120px\" viewBox=\"0 0 100 100\" preserveAspectRatio=\"xMidYMid\" stroke=\"\" style=\"width:120px; height:120px; position:fixed; top:50%; margin-top:-60px; left:50%; margin-left:-60px; opacity:1; display:none; fill:#666666; background-color:#dddddd; border-radius:24px;\"><rect x=\"0\" y=\"0\" width=\"100\" height=\"100\" fill=\"none\" class=\"bk\"><\/rect><rect class=\"wppa-ajaxspin\" x=\"47\" y=\"40\" width=\"6\" height=\"20\" rx=\"3\" ry=\"3\" transform=\"rotate(0 50 50) translate(0 -32)\"><animate attributeName=\"opacity\" from=\"1\" to=\"0\" dur=\"1.5s\" begin=\"0s\" repeatCount=\"indefinite\" ><\/rect><rect class=\"wppa-ajaxspin\" x=\"47\" y=\"40\" width=\"6\" height=\"20\" rx=\"3\" ry=\"3\" transform=\"rotate(22.5 50 50) translate(0 -32)\"><animate attributeName=\"opacity\" from=\"1\" to=\"0\" dur=\"1.5s\" begin=\"0.09375s\" repeatCount=\"indefinite\" ><\/rect><rect class=\"wppa-ajaxspin\" x=\"47\" y=\"40\" width=\"6\" height=\"20\" rx=\"3\" ry=\"3\" transform=\"rotate(45 50 50) translate(0 -32)\"><animate attributeName=\"opacity\" from=\"1\" to=\"0\" dur=\"1.5s\" begin=\"0.1875s\" repeatCount=\"indefinite\" ><\/rect><rect class=\"wppa-ajaxspin\" x=\"47\" y=\"40\" width=\"6\" height=\"20\" rx=\"3\" ry=\"3\" transform=\"rotate(67.5 50 50) translate(0 -32)\"><animate attributeName=\"opacity\" from=\"1\" to=\"0\" dur=\"1.5s\" begin=\"0.28125s\" repeatCount=\"indefinite\" ><\/rect><rect class=\"wppa-ajaxspin\" x=\"47\" y=\"40\" width=\"6\" height=\"20\" rx=\"3\" ry=\"3\" transform=\"rotate(90 50 50) translate(0 -32)\"><animate attributeName=\"opacity\" from=\"1\" to=\"0\" dur=\"1.5s\" begin=\"0.375s\" repeatCount=\"indefinite\" ><\/rect><rect class=\"wppa-ajaxspin\" x=\"47\" y=\"40\" width=\"6\" height=\"20\" rx=\"3\" ry=\"3\" transform=\"rotate(112.5 50 50) translate(0 -32)\"><animate attributeName=\"opacity\" from=\"1\" to=\"0\" dur=\"1.5s\" begin=\"0.46875s\" repeatCount=\"indefinite\" ><\/rect><rect class=\"wppa-ajaxspin\" x=\"47\" y=\"40\" width=\"6\" height=\"20\" rx=\"3\" ry=\"3\" transform=\"rotate(135 50 50) translate(0 -32)\"><animate attributeName=\"opacity\" from=\"1\" to=\"0\" dur=\"1.5s\" begin=\"0.5625s\" repeatCount=\"indefinite\" ><\/rect><rect class=\"wppa-ajaxspin\" x=\"47\" y=\"40\" width=\"6\" height=\"20\" rx=\"3\" ry=\"3\" transform=\"rotate(157.5 50 50) translate(0 -32)\"><animate attributeName=\"opacity\" from=\"1\" to=\"0\" dur=\"1.5s\" begin=\"0.65625s\" repeatCount=\"indefinite\" ><\/rect><rect class=\"wppa-ajaxspin\" x=\"47\" y=\"40\" width=\"6\" height=\"20\" rx=\"3\" ry=\"3\" transform=\"rotate(180 50 50) translate(0 -32)\"><animate attributeName=\"opacity\" from=\"1\" to=\"0\" dur=\"1.5s\" begin=\"0.75s\" repeatCount=\"indefinite\" ><\/rect><rect class=\"wppa-ajaxspin\" x=\"47\" y=\"40\" width=\"6\" height=\"20\" rx=\"3\" ry=\"3\" transform=\"rotate(202.5 50 50) translate(0 -32)\"><animate attributeName=\"opacity\" from=\"1\" to=\"0\" dur=\"1.5s\" begin=\"0.84375s\" repeatCount=\"indefinite\" ><\/rect><rect class=\"wppa-ajaxspin\" x=\"47\" y=\"40\" width=\"6\" height=\"20\" rx=\"3\" ry=\"3\" transform=\"rotate(225 50 50) translate(0 -32)\"><animate attributeName=\"opacity\" from=\"1\" to=\"0\" dur=\"1.5s\" begin=\"0.9375s\" repeatCount=\"indefinite\" ><\/rect><rect class=\"wppa-ajaxspin\" x=\"47\" y=\"40\" width=\"6\" height=\"20\" rx=\"3\" ry=\"3\" transform=\"rotate(247.5 50 50) translate(0 -32)\"><animate attributeName=\"opacity\" from=\"1\" to=\"0\" dur=\"1.5s\" begin=\"1.03125s\" repeatCount=\"indefinite\" ><\/rect><rect class=\"wppa-ajaxspin\" x=\"47\" y=\"40\" width=\"6\" height=\"20\" rx=\"3\" ry=\"3\" transform=\"rotate(270 50 50) translate(0 -32)\"><animate attributeName=\"opacity\" from=\"1\" to=\"0\" dur=\"1.5s\" begin=\"1.125s\" repeatCount=\"indefinite\" ><\/rect><rect class=\"wppa-ajaxspin\" x=\"47\" y=\"40\" width=\"6\" height=\"20\" rx=\"3\" ry=\"3\" transform=\"rotate(292.5 50 50) translate(0 -32)\"><animate attributeName=\"opacity\" from=\"1\" to=\"0\" dur=\"1.5s\" begin=\"1.21875s\" repeatCount=\"indefinite\" ><\/rect><rect class=\"wppa-ajaxspin\" x=\"47\" y=\"40\" width=\"6\" height=\"20\" rx=\"3\" ry=\"3\" transform=\"rotate(315 50 50) translate(0 -32)\"><animate attributeName=\"opacity\" from=\"1\" to=\"0\" dur=\"1.5s\" begin=\"1.3125s\" repeatCount=\"indefinite\" ><\/rect><rect class=\"wppa-ajaxspin\" x=\"47\" y=\"40\" width=\"6\" height=\"20\" rx=\"3\" ry=\"3\" transform=\"rotate(337.5 50 50) translate(0 -32)\"><animate attributeName=\"opacity\" from=\"1\" to=\"0\" dur=\"1.5s\" begin=\"1.40625s\" repeatCount=\"indefinite\" ><\/rect><\/svg><input type=\"hidden\" id=\"wppa-nonce-0-1\" name=\"wppa-nonce\" value=\"8b75ab2de3\" ><div id=\"wppa-bc-1\" class=\"wppa-nav wppa-box wppa-nav-text wppa-bc\" ><a href=\"https:\/\/www.schmiedeinnung-chemnitz.de\/metaller-werden#wppa-container-1\" class=\"wppa-nav-text b1\" style=\"cursor:pointer\" title=\"metaller-werden.de\">Start<\/a><span class=\"wppa-nav-text b1\"> &raquo; <\/span><a href=\"https:\/\/www.schmiedeinnung-chemnitz.de\/metaller-werden\/?page_id=46#wppa-container-1\" class=\"wppa-nav-text b2\" style=\"cursor:pointer\" title=\"Seite: Lesen\">Lesen<\/a><span class=\"wppa-nav-text b2\"> &raquo; <\/span><span id=\"bc-pname-1\" class=\"wppa-nav-text b3\" style=\"cursor:pointer;\" title=\"Seite: Ein Tag an der Schmiedeschule\">Ein Tag an der Schmiedeschule<\/span><div style=\"clear:both\"><\/div><\/div><div id=\"wppa-albumlist-1\" style=\"overflow:auto;\" class=\"albumlist\" onscroll=\"wppaMakeLazyVisibleScrollEnd();\"><div id=\"album-1-1\" class=\"wppa-album-cover-standard album wppa-box wppa-cover-box wppa-cover-box-1\" style=\"width:100%;clear:both;\"><div id=\"covertext_frame_1_1\" class=\"wppa-text-frame-1 wppa-text-frame wppa-cover-text-frame wppa-asym-text-frame-1\" style=\"width:459px; float:left\"><h2 class=\"wppa-title\" style=\"clear:none;\"><a onclick=\"wppaDoAjaxRender( 1, 'https:\/\/www.schmiedeinnung-chemnitz.de\/metaller-werden\/wppaajax?action=wppa&wppa-action=render&wppa-size=640&wppa-occur=1&wppa-fromp=8&lang=de&wppa-album=1&wppa-cover=0&wppa-occur=1', 'https:\/\/www.schmiedeinnung-chemnitz.de\/metaller-werden\/?page_id=8&lang=de&wppa-album=1&wppa-cover=0&wppa-occur=1' )\" title=\"Zeige das Album Schmiedeschule in Chemnitz\" class=\"wppa-title\" style=\"cursor:pointer\">Schmiedeschule in Chemnitz<\/a><\/h2><div class=\"wppa-box-text wppa-black wppa-box-text-desc\" style=\"min-height:54px;\"><\/div><div class=\"wppa-box-text wppa-black wppa-info wppa-slideshow-browse-link wppa-album-cover-link\"><a class=\"wppa-album-cover-link\" onclick=\"wppaDoAjaxRender( 1, 'https:\/\/www.schmiedeinnung-chemnitz.de\/metaller-werden\/wppaajax?action=wppa&wppa-action=render&wppa-size=640&wppa-occur=1&wppa-fromp=8&lang=de&wppa-album=1&wppa-slide=1&wppa-occur=1', 'https:\/\/www.schmiedeinnung-chemnitz.de\/metaller-werden\/?page_id=8&lang=de&wppa-album=1&wppa-slide=1&wppa-occur=1' )\" title=\"Diashow\" style=\"cursor:pointer\">Diashow<\/a><\/div><div class=\"wppa-box-text wppa-black wppa-info wppa-viewlink wppa-album-cover-link\"><a class=\"wppa-album-cover-link\" onclick=\"wppaDoAjaxRender( 1, 'https:\/\/www.schmiedeinnung-chemnitz.de\/metaller-werden\/wppaajax?action=wppa&wppa-action=render&wppa-size=640&wppa-occur=1&wppa-fromp=8&lang=de&wppa-album=1&wppa-cover=0&wppa-occur=1', 'https:\/\/www.schmiedeinnung-chemnitz.de\/metaller-werden\/?page_id=8&lang=de&wppa-album=1&wppa-cover=0&wppa-occur=1' )\" title=\"Zeige das Album Schmiedeschule in Chemnitz\" style=\"cursor:pointer\">10&nbsp;Fotos&nbsp;anzeigen<\/a><\/div><\/div><div style=\"clear:both;\"><\/div><\/div><div id=\"album-2-1\" class=\"wppa-album-cover-standard album wppa-box wppa-cover-box wppa-cover-box-1\" style=\"width:100%;float:right;\"><div id=\"covertext_frame_2_1\" class=\"wppa-text-frame-1 wppa-text-frame wppa-cover-text-frame wppa-asym-text-frame-1\" style=\"width:459px; float:left\"><h2 class=\"wppa-title\" style=\"clear:none;\"><a onclick=\"wppaDoAjaxRender( 1, 'https:\/\/www.schmiedeinnung-chemnitz.de\/metaller-werden\/wppaajax?action=wppa&wppa-action=render&wppa-size=640&wppa-occur=1&wppa-fromp=8&lang=de&wppa-album=2&wppa-cover=0&wppa-occur=1', 'https:\/\/www.schmiedeinnung-chemnitz.de\/metaller-werden\/?page_id=8&lang=de&wppa-album=2&wppa-cover=0&wppa-occur=1' )\" title=\"Zeige das Album Imagespot-Dreh mit Heavy Metal-Band Oblivian\" class=\"wppa-title\" style=\"cursor:pointer\">Imagespot-Dreh mit Heavy Metal-Band Oblivian<\/a><\/h2><div class=\"wppa-box-text wppa-black wppa-box-text-desc\" style=\"min-height:54px;\"><\/div><div class=\"wppa-box-text wppa-black wppa-info wppa-slideshow-browse-link wppa-album-cover-link\"><a class=\"wppa-album-cover-link\" onclick=\"wppaDoAjaxRender( 1, 'https:\/\/www.schmiedeinnung-chemnitz.de\/metaller-werden\/wppaajax?action=wppa&wppa-action=render&wppa-size=640&wppa-occur=1&wppa-fromp=8&lang=de&wppa-album=2&wppa-slide=1&wppa-occur=1', 'https:\/\/www.schmiedeinnung-chemnitz.de\/metaller-werden\/?page_id=8&lang=de&wppa-album=2&wppa-slide=1&wppa-occur=1' )\" title=\"Diashow\" style=\"cursor:pointer\">Diashow<\/a><\/div><div class=\"wppa-box-text wppa-black wppa-info wppa-viewlink wppa-album-cover-link\"><a class=\"wppa-album-cover-link\" onclick=\"wppaDoAjaxRender( 1, 'https:\/\/www.schmiedeinnung-chemnitz.de\/metaller-werden\/wppaajax?action=wppa&wppa-action=render&wppa-size=640&wppa-occur=1&wppa-fromp=8&lang=de&wppa-album=2&wppa-cover=0&wppa-occur=1', 'https:\/\/www.schmiedeinnung-chemnitz.de\/metaller-werden\/?page_id=8&lang=de&wppa-album=2&wppa-cover=0&wppa-occur=1' )\" title=\"Zeige das Album Imagespot-Dreh mit Heavy Metal-Band Oblivian\" style=\"cursor:pointer\">6&nbsp;Fotos&nbsp;anzeigen<\/a><\/div><\/div><div style=\"clear:both;\"><\/div><\/div><div id=\"album-3-1\" class=\"wppa-album-cover-standard album wppa-box wppa-cover-box wppa-cover-box-1\" style=\"width:100%;float:right;\"><div id=\"covertext_frame_3_1\" class=\"wppa-text-frame-1 wppa-text-frame wppa-cover-text-frame wppa-asym-text-frame-1\" style=\"width:459px; float:left\"><h2 class=\"wppa-title\" style=\"clear:none;\"><a onclick=\"wppaDoAjaxRender( 1, 'https:\/\/www.schmiedeinnung-chemnitz.de\/metaller-werden\/wppaajax?action=wppa&wppa-action=render&wppa-size=640&wppa-occur=1&wppa-fromp=8&lang=de&wppa-album=3&wppa-cover=0&wppa-occur=1', 'https:\/\/www.schmiedeinnung-chemnitz.de\/metaller-werden\/?page_id=8&lang=de&wppa-album=3&wppa-cover=0&wppa-occur=1' )\" title=\"Zeige das Album So k\u00f6nnte deine Arbeit aussehen!\" class=\"wppa-title\" style=\"cursor:pointer\">So k\u00f6nnte deine Arbeit aussehen!<\/a><\/h2><div class=\"wppa-box-text wppa-black wppa-box-text-desc\" style=\"min-height:54px;\"><\/div><div class=\"wppa-box-text wppa-black wppa-info wppa-slideshow-browse-link wppa-album-cover-link\"><a class=\"wppa-album-cover-link\" onclick=\"wppaDoAjaxRender( 1, 'https:\/\/www.schmiedeinnung-chemnitz.de\/metaller-werden\/wppaajax?action=wppa&wppa-action=render&wppa-size=640&wppa-occur=1&wppa-fromp=8&lang=de&wppa-album=3&wppa-slide=1&wppa-occur=1', 'https:\/\/www.schmiedeinnung-chemnitz.de\/metaller-werden\/?page_id=8&lang=de&wppa-album=3&wppa-slide=1&wppa-occur=1' )\" title=\"Diashow\" style=\"cursor:pointer\">Diashow<\/a><\/div><div class=\"wppa-box-text wppa-black wppa-info wppa-viewlink wppa-album-cover-link\"><a class=\"wppa-album-cover-link\" onclick=\"wppaDoAjaxRender( 1, 'https:\/\/www.schmiedeinnung-chemnitz.de\/metaller-werden\/wppaajax?action=wppa&wppa-action=render&wppa-size=640&wppa-occur=1&wppa-fromp=8&lang=de&wppa-album=3&wppa-cover=0&wppa-occur=1', 'https:\/\/www.schmiedeinnung-chemnitz.de\/metaller-werden\/?page_id=8&lang=de&wppa-album=3&wppa-cover=0&wppa-occur=1' )\" title=\"Zeige das Album So k\u00f6nnte deine Arbeit aussehen!\" style=\"cursor:pointer\">22&nbsp;Fotos&nbsp;anzeigen<\/a><\/div><\/div><div style=\"clear:both;\"><\/div><\/div><div id=\"album-4-1\" class=\"wppa-album-cover-standard album wppa-box wppa-cover-box wppa-cover-box-1\" style=\"width:100%;float:right;\"><div id=\"covertext_frame_4_1\" class=\"wppa-text-frame-1 wppa-text-frame wppa-cover-text-frame wppa-asym-text-frame-1\" style=\"width:459px; float:left\"><h2 class=\"wppa-title\" style=\"clear:none;\"><a onclick=\"wppaDoAjaxRender( 1, 'https:\/\/www.schmiedeinnung-chemnitz.de\/metaller-werden\/wppaajax?action=wppa&wppa-action=render&wppa-size=640&wppa-occur=1&wppa-fromp=8&lang=de&wppa-album=4&wppa-cover=0&wppa-occur=1', 'https:\/\/www.schmiedeinnung-chemnitz.de\/metaller-werden\/?page_id=8&lang=de&wppa-album=4&wppa-cover=0&wppa-occur=1' )\" title=\"Zeige das Album Heavy Metal auf dem Weihnachtsmarkt\" class=\"wppa-title\" style=\"cursor:pointer\">Heavy Metal auf dem Weihnachtsmarkt<\/a><\/h2><div class=\"wppa-box-text wppa-black wppa-box-text-desc\" style=\"min-height:54px;\"><\/div><div class=\"wppa-box-text wppa-black wppa-info wppa-slideshow-browse-link wppa-album-cover-link\"><a class=\"wppa-album-cover-link\" onclick=\"wppaDoAjaxRender( 1, 'https:\/\/www.schmiedeinnung-chemnitz.de\/metaller-werden\/wppaajax?action=wppa&wppa-action=render&wppa-size=640&wppa-occur=1&wppa-fromp=8&lang=de&wppa-album=4&wppa-slide=1&wppa-occur=1', 'https:\/\/www.schmiedeinnung-chemnitz.de\/metaller-werden\/?page_id=8&lang=de&wppa-album=4&wppa-slide=1&wppa-occur=1' )\" title=\"Diashow\" style=\"cursor:pointer\">Diashow<\/a><\/div><div class=\"wppa-box-text wppa-black wppa-info wppa-viewlink wppa-album-cover-link\"><a class=\"wppa-album-cover-link\" onclick=\"wppaDoAjaxRender( 1, 'https:\/\/www.schmiedeinnung-chemnitz.de\/metaller-werden\/wppaajax?action=wppa&wppa-action=render&wppa-size=640&wppa-occur=1&wppa-fromp=8&lang=de&wppa-album=4&wppa-cover=0&wppa-occur=1', 'https:\/\/www.schmiedeinnung-chemnitz.de\/metaller-werden\/?page_id=8&lang=de&wppa-album=4&wppa-cover=0&wppa-occur=1' )\" title=\"Zeige das Album Heavy Metal auf dem Weihnachtsmarkt\" style=\"cursor:pointer\">14&nbsp;Fotos&nbsp;anzeigen<\/a><\/div><\/div><div style=\"clear:both;\"><\/div><\/div><\/div><div style=\"clear:both;\"><\/div><div id=\"wppa-container-1-end\"><\/div><\/div><\/div>\n<!-- End [wppa slide=\"1\"] \/metaller-werden\/index.php?rest_route=%2Fwp%2Fv2%2Fpages%2F8 oc 1 46 queries in 4.6 ms. at 10:26. Max mem: 50.00 Mb. --><\/strong><\/p>\n","protected":false},"excerpt":{"rendered":"<p>An der Handwerkerschule Chemnitz: Die mechanischen H\u00e4mmer h\u00f6rt man schon von weitem. Die Arbeit am Amboss geht da fast unter. &#8222;Es kommt beim Schmieden nicht unbedingt auf Kraft an! Die &hellip;<\/p>\n","protected":false},"author":1,"featured_media":0,"parent":46,"menu_order":5,"comment_status":"closed","ping_status":"closed","template":"","meta":{"footnotes":""},"_links":{"self":[{"href":"https:\/\/www.schmiedeinnung-chemnitz.de\/metaller-werden\/index.php?rest_route=\/wp\/v2\/pages\/8"}],"collection":[{"href":"https:\/\/www.schmiedeinnung-chemnitz.de\/metaller-werden\/index.php?rest_route=\/wp\/v2\/pages"}],"about":[{"href":"https:\/\/www.schmiedeinnung-chemnitz.de\/metaller-werden\/index.php?rest_route=\/wp\/v2\/types\/page"}],"author":[{"embeddable":true,"href":"https:\/\/www.schmiedeinnung-chemnitz.de\/metaller-werden\/index.php?rest_route=\/wp\/v2\/users\/1"}],"replies":[{"embeddable":true,"href":"https:\/\/www.schmiedeinnung-chemnitz.de\/metaller-werden\/index.php?rest_route=%2Fwp%2Fv2%2Fcomments&post=8"}],"version-history":[{"count":22,"href":"https:\/\/www.schmiedeinnung-chemnitz.de\/metaller-werden\/index.php?rest_route=\/wp\/v2\/pages\/8\/revisions"}],"predecessor-version":[{"id":21604,"href":"https:\/\/www.schmiedeinnung-chemnitz.de\/metaller-werden\/index.php?rest_route=\/wp\/v2\/pages\/8\/revisions\/21604"}],"up":[{"embeddable":true,"href":"https:\/\/www.schmiedeinnung-chemnitz.de\/metaller-werden\/index.php?rest_route=\/wp\/v2\/pages\/46"}],"wp:attachment":[{"href":"https:\/\/www.schmiedeinnung-chemnitz.de\/metaller-werden\/index.php?rest_route=%2Fwp%2Fv2%2Fmedia&parent=8"}],"curies":[{"name":"wp","href":"https:\/\/api.w.org\/{rel}","templated":true}]}}